{"id":63,"date":"2021-03-17T19:43:25","date_gmt":"2021-03-17T18:43:25","guid":{"rendered":"https:\/\/altioreconsulting.com\/?page_id=63"},"modified":"2021-07-13T14:31:24","modified_gmt":"2021-07-13T12:31:24","slug":"about-us","status":"publish","type":"page","link":"https:\/\/altioreconsulting.com\/es\/about-us\/","title":{"rendered":"SOBRE NOSOTROS"},"content":{"rendered":"<div data-elementor-type=\"wp-page\" data-elementor-id=\"63\" class=\"elementor elementor-63\">\n\t\t\t\t\t\t<section class=\"elementor-section elementor-top-section elementor-element elementor-element-484d38c3 elementor-section-boxed elementor-section-height-default elementor-section-height-default\" data-id=\"484d38c3\" data-element_type=\"section\">\n\t\t\t\t\t\t<div class=\"elementor-container elementor-column-gap-default\">\n\t\t\t\t\t<div class=\"elementor-column elementor-col-100 elementor-top-column elementor-element elementor-element-4d691113\" data-id=\"4d691113\" data-element_type=\"column\">\n\t\t\t<div class=\"elementor-widget-wrap elementor-element-populated\">\n\t\t\t\t\t\t<div class=\"elementor-element elementor-element-27bede3 elementor-widget elementor-widget-heading\" data-id=\"27bede3\" data-element_type=\"widget\" data-widget_type=\"heading.default\">\n\t\t\t\t<div class=\"elementor-widget-container\">\n\t\t\t<h2 class=\"elementor-heading-title elementor-size-default\">Sobre Nosotros<\/h2>\t\t<\/div>\n\t\t\t\t<\/div>\n\t\t\t\t\t<\/div>\n\t\t<\/div>\n\t\t\t\t\t<\/div>\n\t\t<\/section>\n\t\t\t\t<section class=\"elementor-section elementor-top-section elementor-element elementor-element-5212a435 elementor-section-boxed elementor-section-height-default elementor-section-height-default\" data-id=\"5212a435\" data-element_type=\"section\">\n\t\t\t\t\t\t<div class=\"elementor-container elementor-column-gap-default\">\n\t\t\t\t\t<div class=\"elementor-column elementor-col-50 elementor-top-column elementor-element elementor-element-797697fe\" data-id=\"797697fe\" data-element_type=\"column\">\n\t\t\t<div class=\"elementor-widget-wrap elementor-element-populated\">\n\t\t\t\t\t\t<div class=\"elementor-element elementor-element-74373367 elementor-widget elementor-widget-image\" data-id=\"74373367\" data-element_type=\"widget\" data-widget_type=\"image.default\">\n\t\t\t\t<div class=\"elementor-widget-container\">\n\t\t\t\t\t\t\t\t\t\t\t\t\t<img fetchpriority=\"high\" decoding=\"async\" width=\"758\" height=\"1024\" src=\"https:\/\/altioreconsulting.com\/wp-content\/uploads\/2021\/03\/Planche-contact-032-scaled-1-758x1024.png\" class=\"attachment-large size-large wp-image-405\" alt=\"\" srcset=\"https:\/\/altioreconsulting.com\/wp-content\/uploads\/2021\/03\/Planche-contact-032-scaled-1-758x1024.png 758w, https:\/\/altioreconsulting.com\/wp-content\/uploads\/2021\/03\/Planche-contact-032-scaled-1-222x300.png 222w, https:\/\/altioreconsulting.com\/wp-content\/uploads\/2021\/03\/Planche-contact-032-scaled-1-768x1037.png 768w, https:\/\/altioreconsulting.com\/wp-content\/uploads\/2021\/03\/Planche-contact-032-scaled-1-1138x1536.png 1138w, https:\/\/altioreconsulting.com\/wp-content\/uploads\/2021\/03\/Planche-contact-032-scaled-1-1517x2048.png 1517w, https:\/\/altioreconsulting.com\/wp-content\/uploads\/2021\/03\/Planche-contact-032-scaled-1.png 1896w\" sizes=\"(max-width: 758px) 100vw, 758px\" \/>\t\t\t\t\t\t\t\t\t\t\t\t\t<\/div>\n\t\t\t\t<\/div>\n\t\t\t\t\t<\/div>\n\t\t<\/div>\n\t\t\t\t<div class=\"elementor-column elementor-col-50 elementor-top-column elementor-element elementor-element-22b062ba\" data-id=\"22b062ba\" data-element_type=\"column\">\n\t\t\t<div class=\"elementor-widget-wrap elementor-element-populated\">\n\t\t\t\t\t\t<div class=\"elementor-element elementor-element-57756efe elementor-widget elementor-widget-heading\" data-id=\"57756efe\" data-element_type=\"widget\" data-widget_type=\"heading.default\">\n\t\t\t\t<div class=\"elementor-widget-container\">\n\t\t\t<h3 class=\"elementor-heading-title elementor-size-default\">Elodie Neyraud<\/h3>\t\t<\/div>\n\t\t\t\t<\/div>\n\t\t\t\t<div class=\"elementor-element elementor-element-33ea1fc4 elementor-widget elementor-widget-text-editor\" data-id=\"33ea1fc4\" data-element_type=\"widget\" data-widget_type=\"text-editor.default\">\n\t\t\t\t<div class=\"elementor-widget-container\">\n\t\t\t\t\t\t\t<p>Elodie Neyraud es la fundadora y directora ejecutiva de Altiore Consulting.<\/p><p>Elodie tiene muchos a\u00f1os de experiencia con UHNWI, Family Offices, propietarios de negocios y grupos de inversi\u00f3n.<\/p><p>Tras obtener su t\u00edtulo de abogada francesa en 2007, ejerci\u00f3 durante varios a\u00f1os en Par\u00eds, especializ\u00e1ndose en derecho empresarial y societario, derecho laboral y derecho tributario.<\/p><p>En Suiza, durante muchos a\u00f1os, dirigi\u00f3 un Family Office en Ginebra.<\/p><p>Hoy en Altiore Consulting, ofrece sus servicios y asesor\u00eda a clientes privados, emprendedores y Family Office en todo el mundo.<\/p><p>Tambi\u00e9n asesora a empresas de inversi\u00f3n en estrategias y estructuraci\u00f3n y las apoya en sus relaciones con diversos bancos en Suiza, Europa, Oriente Medio y Estados Unidos.<\/p><p>Elodie apoya a los inversores en la realizaci\u00f3n de su proyecto, especialmente en proyectos inmobiliarios y de capital privado.<\/p><p>Elodie tambi\u00e9n forma parte de varias juntas familiares y empresas de inversi\u00f3n en todo el mundo y contin\u00faa administrando una family office en Ginebra.<\/p><p>Elodie habla franc\u00e9s, ingl\u00e9s, espa\u00f1ol y alem\u00e1n.<\/p>\t\t\t\t\t\t<\/div>\n\t\t\t\t<\/div>\n\t\t\t\t\t<\/div>\n\t\t<\/div>\n\t\t\t\t\t<\/div>\n\t\t<\/section>\n\t\t\t\t<\/div>","protected":false},"excerpt":{"rendered":"<p>About Us Elodie Neyraud Elodie Neyraud is the founder and CEO of Altiore Consulting. Elodie has many years of experience working with UHNWI, family office, business owners and investment groups. After graduating as a French lawyer in 2007, she practiced for several years in Paris specializing in business and corporate law, labor law and tax [&hellip;]<\/p>","protected":false},"author":1,"featured_media":0,"parent":0,"menu_order":0,"comment_status":"closed","ping_status":"closed","template":"elementor_header_footer","meta":{"footnotes":""},"class_list":["post-63","page","type-page","status-publish","hentry"],"yoast_head":"<!-- This site is optimized with the Yoast SEO plugin v22.7 - https:\/\/yoast.com\/wordpress\/plugins\/seo\/ -->\n<title>About us - Altiore Consulting<\/title>\n<meta name=\"robots\" content=\"index, follow, max-snippet:-1, max-image-preview:large, max-video-preview:-1\" \/>\n<link rel=\"canonical\" href=\"https:\/\/altioreconsulting.com\/es\/about-us\/\" \/>\n<meta property=\"og:locale\" content=\"es_ES\" \/>\n<meta property=\"og:type\" content=\"article\" \/>\n<meta property=\"og:title\" content=\"About us - Altiore Consulting\" \/>\n<meta property=\"og:description\" content=\"About Us Elodie Neyraud Elodie Neyraud is the founder and CEO of Altiore Consulting. Elodie has many years of experience working with UHNWI, family office, business owners and investment groups. After graduating as a French lawyer in 2007, she practiced for several years in Paris specializing in business and corporate law, labor law and tax [&hellip;]\" \/>\n<meta property=\"og:url\" content=\"https:\/\/altioreconsulting.com\/es\/about-us\/\" \/>\n<meta property=\"og:site_name\" content=\"Altiore Consulting\" \/>\n<meta property=\"article:modified_time\" content=\"2021-07-13T12:31:24+00:00\" \/>\n<meta property=\"og:image\" content=\"https:\/\/altioreconsulting.com\/wp-content\/uploads\/2021\/03\/Planche-contact-032-scaled-1-758x1024.png\" \/>\n<meta name=\"twitter:card\" content=\"summary_large_image\" \/>\n<meta name=\"twitter:label1\" content=\"Tiempo de lectura\" \/>\n\t<meta name=\"twitter:data1\" content=\"1 minuto\" \/>\n<script type=\"application\/ld+json\" class=\"yoast-schema-graph\">{\"@context\":\"https:\/\/schema.org\",\"@graph\":[{\"@type\":\"WebPage\",\"@id\":\"https:\/\/altioreconsulting.com\/fr\/about-us\/\",\"url\":\"https:\/\/altioreconsulting.com\/fr\/about-us\/\",\"name\":\"About us - Altiore Consulting\",\"isPartOf\":{\"@id\":\"https:\/\/altioreconsulting.com\/fr\/#website\"},\"primaryImageOfPage\":{\"@id\":\"https:\/\/altioreconsulting.com\/fr\/about-us\/#primaryimage\"},\"image\":{\"@id\":\"https:\/\/altioreconsulting.com\/fr\/about-us\/#primaryimage\"},\"thumbnailUrl\":\"https:\/\/altioreconsulting.com\/wp-content\/uploads\/2021\/03\/Planche-contact-032-scaled-1-758x1024.png\",\"datePublished\":\"2021-03-17T18:43:25+00:00\",\"dateModified\":\"2021-07-13T12:31:24+00:00\",\"breadcrumb\":{\"@id\":\"https:\/\/altioreconsulting.com\/fr\/about-us\/#breadcrumb\"},\"inLanguage\":\"es\",\"potentialAction\":[{\"@type\":\"ReadAction\",\"target\":[\"https:\/\/altioreconsulting.com\/fr\/about-us\/\"]}]},{\"@type\":\"ImageObject\",\"inLanguage\":\"es\",\"@id\":\"https:\/\/altioreconsulting.com\/fr\/about-us\/#primaryimage\",\"url\":\"https:\/\/altioreconsulting.com\/wp-content\/uploads\/2021\/03\/Planche-contact-032-scaled-1-758x1024.png\",\"contentUrl\":\"https:\/\/altioreconsulting.com\/wp-content\/uploads\/2021\/03\/Planche-contact-032-scaled-1-758x1024.png\"},{\"@type\":\"BreadcrumbList\",\"@id\":\"https:\/\/altioreconsulting.com\/fr\/about-us\/#breadcrumb\",\"itemListElement\":[{\"@type\":\"ListItem\",\"position\":1,\"name\":\"Accueil\",\"item\":\"https:\/\/altioreconsulting.com\/\"},{\"@type\":\"ListItem\",\"position\":2,\"name\":\"About us\"}]},{\"@type\":\"WebSite\",\"@id\":\"https:\/\/altioreconsulting.com\/fr\/#website\",\"url\":\"https:\/\/altioreconsulting.com\/fr\/\",\"name\":\"Altiore Consulting\",\"description\":\"Your strategic partner for wealthy individuals, entrepreneurs, business families and family  offices.\",\"publisher\":{\"@id\":\"https:\/\/altioreconsulting.com\/fr\/#organization\"},\"potentialAction\":[{\"@type\":\"SearchAction\",\"target\":{\"@type\":\"EntryPoint\",\"urlTemplate\":\"https:\/\/altioreconsulting.com\/fr\/?s={search_term_string}\"},\"query-input\":\"required name=search_term_string\"}],\"inLanguage\":\"es\"},{\"@type\":\"Organization\",\"@id\":\"https:\/\/altioreconsulting.com\/fr\/#organization\",\"name\":\"Altiore Consulting\",\"url\":\"https:\/\/altioreconsulting.com\/fr\/\",\"logo\":{\"@type\":\"ImageObject\",\"inLanguage\":\"es\",\"@id\":\"https:\/\/altioreconsulting.com\/fr\/#\/schema\/logo\/image\/\",\"url\":\"https:\/\/altioreconsulting.com\/wp-content\/uploads\/2021\/03\/cropped-300x300-white-logo-icon.png\",\"contentUrl\":\"https:\/\/altioreconsulting.com\/wp-content\/uploads\/2021\/03\/cropped-300x300-white-logo-icon.png\",\"width\":190,\"height\":190,\"caption\":\"Altiore Consulting\"},\"image\":{\"@id\":\"https:\/\/altioreconsulting.com\/fr\/#\/schema\/logo\/image\/\"}}]}<\/script>\n<!-- \/ Yoast SEO plugin. -->","yoast_head_json":{"title":"About us - Altiore Consulting","robots":{"index":"index","follow":"follow","max-snippet":"max-snippet:-1","max-image-preview":"max-image-preview:large","max-video-preview":"max-video-preview:-1"},"canonical":"https:\/\/altioreconsulting.com\/es\/about-us\/","og_locale":"es_ES","og_type":"article","og_title":"About us - Altiore Consulting","og_description":"About Us Elodie Neyraud Elodie Neyraud is the founder and CEO of Altiore Consulting. Elodie has many years of experience working with UHNWI, family office, business owners and investment groups. After graduating as a French lawyer in 2007, she practiced for several years in Paris specializing in business and corporate law, labor law and tax [&hellip;]","og_url":"https:\/\/altioreconsulting.com\/es\/about-us\/","og_site_name":"Altiore Consulting","article_modified_time":"2021-07-13T12:31:24+00:00","og_image":[{"url":"https:\/\/altioreconsulting.com\/wp-content\/uploads\/2021\/03\/Planche-contact-032-scaled-1-758x1024.png"}],"twitter_card":"summary_large_image","twitter_misc":{"Tiempo de lectura":"1 minuto"},"schema":{"@context":"https:\/\/schema.org","@graph":[{"@type":"WebPage","@id":"https:\/\/altioreconsulting.com\/fr\/about-us\/","url":"https:\/\/altioreconsulting.com\/fr\/about-us\/","name":"About us - Altiore Consulting","isPartOf":{"@id":"https:\/\/altioreconsulting.com\/fr\/#website"},"primaryImageOfPage":{"@id":"https:\/\/altioreconsulting.com\/fr\/about-us\/#primaryimage"},"image":{"@id":"https:\/\/altioreconsulting.com\/fr\/about-us\/#primaryimage"},"thumbnailUrl":"https:\/\/altioreconsulting.com\/wp-content\/uploads\/2021\/03\/Planche-contact-032-scaled-1-758x1024.png","datePublished":"2021-03-17T18:43:25+00:00","dateModified":"2021-07-13T12:31:24+00:00","breadcrumb":{"@id":"https:\/\/altioreconsulting.com\/fr\/about-us\/#breadcrumb"},"inLanguage":"es","potentialAction":[{"@type":"ReadAction","target":["https:\/\/altioreconsulting.com\/fr\/about-us\/"]}]},{"@type":"ImageObject","inLanguage":"es","@id":"https:\/\/altioreconsulting.com\/fr\/about-us\/#primaryimage","url":"https:\/\/altioreconsulting.com\/wp-content\/uploads\/2021\/03\/Planche-contact-032-scaled-1-758x1024.png","contentUrl":"https:\/\/altioreconsulting.com\/wp-content\/uploads\/2021\/03\/Planche-contact-032-scaled-1-758x1024.png"},{"@type":"BreadcrumbList","@id":"https:\/\/altioreconsulting.com\/fr\/about-us\/#breadcrumb","itemListElement":[{"@type":"ListItem","position":1,"name":"Accueil","item":"https:\/\/altioreconsulting.com\/"},{"@type":"ListItem","position":2,"name":"About us"}]},{"@type":"WebSite","@id":"https:\/\/altioreconsulting.com\/fr\/#website","url":"https:\/\/altioreconsulting.com\/fr\/","name":"Altiore Consulting","description":"Your strategic partner for wealthy individuals, entrepreneurs, business families and family  offices.","publisher":{"@id":"https:\/\/altioreconsulting.com\/fr\/#organization"},"potentialAction":[{"@type":"SearchAction","target":{"@type":"EntryPoint","urlTemplate":"https:\/\/altioreconsulting.com\/fr\/?s={search_term_string}"},"query-input":"required name=search_term_string"}],"inLanguage":"es"},{"@type":"Organization","@id":"https:\/\/altioreconsulting.com\/fr\/#organization","name":"Altiore Consulting","url":"https:\/\/altioreconsulting.com\/fr\/","logo":{"@type":"ImageObject","inLanguage":"es","@id":"https:\/\/altioreconsulting.com\/fr\/#\/schema\/logo\/image\/","url":"https:\/\/altioreconsulting.com\/wp-content\/uploads\/2021\/03\/cropped-300x300-white-logo-icon.png","contentUrl":"https:\/\/altioreconsulting.com\/wp-content\/uploads\/2021\/03\/cropped-300x300-white-logo-icon.png","width":190,"height":190,"caption":"Altiore Consulting"},"image":{"@id":"https:\/\/altioreconsulting.com\/fr\/#\/schema\/logo\/image\/"}}]}},"_links":{"self":[{"href":"https:\/\/altioreconsulting.com\/es\/wp-json\/wp\/v2\/pages\/63","targetHints":{"allow":["GET"]}}],"collection":[{"href":"https:\/\/altioreconsulting.com\/es\/wp-json\/wp\/v2\/pages"}],"about":[{"href":"https:\/\/altioreconsulting.com\/es\/wp-json\/wp\/v2\/types\/page"}],"author":[{"embeddable":true,"href":"https:\/\/altioreconsulting.com\/es\/wp-json\/wp\/v2\/users\/1"}],"replies":[{"embeddable":true,"href":"https:\/\/altioreconsulting.com\/es\/wp-json\/wp\/v2\/comments?post=63"}],"version-history":[{"count":43,"href":"https:\/\/altioreconsulting.com\/es\/wp-json\/wp\/v2\/pages\/63\/revisions"}],"predecessor-version":[{"id":776,"href":"https:\/\/altioreconsulting.com\/es\/wp-json\/wp\/v2\/pages\/63\/revisions\/776"}],"wp:attachment":[{"href":"https:\/\/altioreconsulting.com\/es\/wp-json\/wp\/v2\/media?parent=63"}],"curies":[{"name":"wp","href":"https:\/\/api.w.org\/{rel}","templated":true}]}}