{"id":499,"date":"2021-03-25T02:38:42","date_gmt":"2021-03-25T01:38:42","guid":{"rendered":"https:\/\/altioreconsulting.com\/?page_id=499"},"modified":"2021-07-20T01:10:32","modified_gmt":"2021-07-19T23:10:32","slug":"trust-and-estate","status":"publish","type":"page","link":"https:\/\/altioreconsulting.com\/fr\/services\/trust-and-estate\/","title":{"rendered":"PLANIFICATION SUCCESSORALE ET TRUST"},"content":{"rendered":"<div data-elementor-type=\"wp-page\" data-elementor-id=\"499\" class=\"elementor elementor-499\">\n\t\t\t\t\t\t<section class=\"elementor-section elementor-top-section elementor-element elementor-element-a199810 elementor-section-boxed elementor-section-height-default elementor-section-height-default\" data-id=\"a199810\" data-element_type=\"section\">\n\t\t\t\t\t\t<div class=\"elementor-container elementor-column-gap-default\">\n\t\t\t\t\t<div class=\"elementor-column elementor-col-50 elementor-top-column elementor-element elementor-element-e692988\" data-id=\"e692988\" data-element_type=\"column\">\n\t\t\t<div class=\"elementor-widget-wrap elementor-element-populated\">\n\t\t\t\t\t\t<div class=\"elementor-element elementor-element-92b40da elementor-widget elementor-widget-heading\" data-id=\"92b40da\" data-element_type=\"widget\" data-widget_type=\"heading.default\">\n\t\t\t\t<div class=\"elementor-widget-container\">\n\t\t\t<h2 class=\"elementor-heading-title elementor-size-default\">Planification successorale et Trust<\/h2>\t\t<\/div>\n\t\t\t\t<\/div>\n\t\t\t\t<div class=\"elementor-element elementor-element-4723846 elementor-widget elementor-widget-text-editor\" data-id=\"4723846\" data-element_type=\"widget\" data-widget_type=\"text-editor.default\">\n\t\t\t\t<div class=\"elementor-widget-container\">\n\t\t\t\t\t\t\t<p>Vous avez le pouvoir de subvenir aux besoins de votre famille et de votre communaut\u00e9. Altiore Consulting propose son exp\u00e9rience pour vous permettre de transmettre votre h\u00e9ritage comme que vous le souhaitez.<\/p><p>Altiore Consulting vous accompagne dans la pr\u00e9servation et la r\u00e9partition de votre patrimoine.<\/p><p>Gr\u00e2ce \u00e0 nos partenaires, nous pouvons \u00e9galement vous proposer des services de Trust, que ce soit dans le cadre de la cr\u00e9ation ou dans la gestion de structures d\u00e9j\u00e0 existantes.<\/p><p>Que peut vous apporter Altiore Consulting en vous accompagnant dans votre planification successorale?<\/p>\t\t\t\t\t\t<\/div>\n\t\t\t\t<\/div>\n\t\t\t\t\t<\/div>\n\t\t<\/div>\n\t\t\t\t<div class=\"elementor-column elementor-col-50 elementor-top-column elementor-element elementor-element-829e0aa\" data-id=\"829e0aa\" data-element_type=\"column\">\n\t\t\t<div class=\"elementor-widget-wrap elementor-element-populated\">\n\t\t\t\t\t\t<section class=\"elementor-section elementor-inner-section elementor-element elementor-element-db64a23 elementor-section-boxed elementor-section-height-default elementor-section-height-default\" data-id=\"db64a23\" data-element_type=\"section\" data-settings=\"{&quot;motion_fx_motion_fx_scrolling&quot;:&quot;yes&quot;,&quot;motion_fx_translateY_effect&quot;:&quot;yes&quot;,&quot;motion_fx_translateY_speed&quot;:{&quot;unit&quot;:&quot;px&quot;,&quot;size&quot;:&quot;1&quot;,&quot;sizes&quot;:[]},&quot;motion_fx_translateY_affectedRange&quot;:{&quot;unit&quot;:&quot;%&quot;,&quot;size&quot;:&quot;&quot;,&quot;sizes&quot;:{&quot;start&quot;:&quot;0&quot;,&quot;end&quot;:&quot;50&quot;}},&quot;motion_fx_opacity_effect&quot;:&quot;yes&quot;,&quot;motion_fx_opacity_range&quot;:{&quot;unit&quot;:&quot;%&quot;,&quot;size&quot;:&quot;&quot;,&quot;sizes&quot;:{&quot;start&quot;:&quot;0&quot;,&quot;end&quot;:&quot;30&quot;}},&quot;motion_fx_devices&quot;:[&quot;desktop&quot;],&quot;motion_fx_opacity_direction&quot;:&quot;out-in&quot;,&quot;motion_fx_opacity_level&quot;:{&quot;unit&quot;:&quot;px&quot;,&quot;size&quot;:10,&quot;sizes&quot;:[]}}\">\n\t\t\t\t\t\t<div class=\"elementor-container elementor-column-gap-default\">\n\t\t\t\t\t<div class=\"elementor-column elementor-col-50 elementor-inner-column elementor-element elementor-element-8827e1a\" data-id=\"8827e1a\" data-element_type=\"column\">\n\t\t\t<div class=\"elementor-widget-wrap elementor-element-populated\">\n\t\t\t\t\t\t<div class=\"elementor-element elementor-element-090bbab elementor-cta--skin-cover elementor-cta--valign-middle elementor-widget elementor-widget-call-to-action\" data-id=\"090bbab\" data-element_type=\"widget\" data-widget_type=\"call-to-action.default\">\n\t\t\t\t<div class=\"elementor-widget-container\">\n\t\t\t\t\t<a class=\"elementor-cta\" href=\"#\">\n\t\t\t\t\t<div class=\"elementor-cta__bg-wrapper\">\n\t\t\t\t<div class=\"elementor-cta__bg elementor-bg\" style=\"background-image: url();\"><\/div>\n\t\t\t\t<div class=\"elementor-cta__bg-overlay\"><\/div>\n\t\t\t<\/div>\n\t\t\t\t\t\t\t<div class=\"elementor-cta__content\">\n\t\t\t\t\n\t\t\t\t<h2 class=\"elementor-cta__title elementor-cta__content-item elementor-content-item\">Protection<\/h2>\n\t\t\t\t\t\t\t\t\t<div class=\"elementor-cta__description elementor-cta__content-item elementor-content-item\">\n\t\t\t\t\t\tPr\u00e9server les actifs pour plusieurs g\u00e9n\u00e9rations, faire face aux risques personnels et commerciaux impr\u00e9vus, prot\u00e9ger les actifs des dangers futurs.\t\t\t\t\t<\/div>\n\t\t\t\t\n\t\t\t\t\t\t\t<\/div>\n\t\t\t\t\t\t<\/a>\n\t\t\t\t<\/div>\n\t\t\t\t<\/div>\n\t\t\t\t\t<\/div>\n\t\t<\/div>\n\t\t\t\t<div class=\"elementor-column elementor-col-50 elementor-inner-column elementor-element elementor-element-2e0d795\" data-id=\"2e0d795\" data-element_type=\"column\">\n\t\t\t<div class=\"elementor-widget-wrap elementor-element-populated\">\n\t\t\t\t\t\t<div class=\"elementor-element elementor-element-fefe55b elementor-cta--skin-cover elementor-cta--valign-middle elementor-widget elementor-widget-call-to-action\" data-id=\"fefe55b\" data-element_type=\"widget\" data-widget_type=\"call-to-action.default\">\n\t\t\t\t<div class=\"elementor-widget-container\">\n\t\t\t\t\t<a class=\"elementor-cta\" href=\"#\">\n\t\t\t\t\t<div class=\"elementor-cta__bg-wrapper\">\n\t\t\t\t<div class=\"elementor-cta__bg elementor-bg\" style=\"background-image: url();\"><\/div>\n\t\t\t\t<div class=\"elementor-cta__bg-overlay\"><\/div>\n\t\t\t<\/div>\n\t\t\t\t\t\t\t<div class=\"elementor-cta__content\">\n\t\t\t\t\n\t\t\t\t<h2 class=\"elementor-cta__title elementor-cta__content-item elementor-content-item\">Personnalisation<\/h2>\n\t\t\t\t\t\t\t\t\t<div class=\"elementor-cta__description elementor-cta__content-item elementor-content-item\">\n\t\t\t\t\t\tMise en place d\u2019un plan alliant personnalisation et flexibilit\u00e9.\t\t\t\t\t<\/div>\n\t\t\t\t\n\t\t\t\t\t\t\t<\/div>\n\t\t\t\t\t\t<\/a>\n\t\t\t\t<\/div>\n\t\t\t\t<\/div>\n\t\t\t\t\t<\/div>\n\t\t<\/div>\n\t\t\t\t\t<\/div>\n\t\t<\/section>\n\t\t\t\t<section class=\"elementor-section elementor-inner-section elementor-element elementor-element-2dad43f elementor-section-boxed elementor-section-height-default elementor-section-height-default\" data-id=\"2dad43f\" data-element_type=\"section\" data-settings=\"{&quot;motion_fx_motion_fx_scrolling&quot;:&quot;yes&quot;,&quot;motion_fx_translateY_effect&quot;:&quot;yes&quot;,&quot;motion_fx_translateY_speed&quot;:{&quot;unit&quot;:&quot;px&quot;,&quot;size&quot;:&quot;1.5&quot;,&quot;sizes&quot;:[]},&quot;motion_fx_translateY_affectedRange&quot;:{&quot;unit&quot;:&quot;%&quot;,&quot;size&quot;:&quot;&quot;,&quot;sizes&quot;:{&quot;start&quot;:&quot;0&quot;,&quot;end&quot;:&quot;40&quot;}},&quot;motion_fx_opacity_effect&quot;:&quot;yes&quot;,&quot;motion_fx_opacity_range&quot;:{&quot;unit&quot;:&quot;%&quot;,&quot;size&quot;:&quot;&quot;,&quot;sizes&quot;:{&quot;start&quot;:&quot;0&quot;,&quot;end&quot;:&quot;40&quot;}},&quot;motion_fx_devices&quot;:[&quot;desktop&quot;],&quot;motion_fx_opacity_direction&quot;:&quot;out-in&quot;,&quot;motion_fx_opacity_level&quot;:{&quot;unit&quot;:&quot;px&quot;,&quot;size&quot;:10,&quot;sizes&quot;:[]}}\">\n\t\t\t\t\t\t<div class=\"elementor-container elementor-column-gap-default\">\n\t\t\t\t\t<div class=\"elementor-column elementor-col-100 elementor-inner-column elementor-element elementor-element-2a6deff\" data-id=\"2a6deff\" data-element_type=\"column\">\n\t\t\t<div class=\"elementor-widget-wrap elementor-element-populated\">\n\t\t\t\t\t\t<div class=\"elementor-element elementor-element-ec2e7dd elementor-cta--skin-cover elementor-cta--valign-middle elementor-widget elementor-widget-call-to-action\" data-id=\"ec2e7dd\" data-element_type=\"widget\" data-widget_type=\"call-to-action.default\">\n\t\t\t\t<div class=\"elementor-widget-container\">\n\t\t\t\t\t<a class=\"elementor-cta\" href=\"#\">\n\t\t\t\t\t<div class=\"elementor-cta__bg-wrapper\">\n\t\t\t\t<div class=\"elementor-cta__bg elementor-bg\" style=\"background-image: url();\"><\/div>\n\t\t\t\t<div class=\"elementor-cta__bg-overlay\"><\/div>\n\t\t\t<\/div>\n\t\t\t\t\t\t\t<div class=\"elementor-cta__content\">\n\t\t\t\t\n\t\t\t\t<h2 class=\"elementor-cta__title elementor-cta__content-item elementor-content-item\">Une tranquillit\u00e9 d\u2019esprit<\/h2>\n\t\t\t\t\t\t\t\t\t<div class=\"elementor-cta__description elementor-cta__content-item elementor-content-item\">\n\t\t\t\t\t\tEtendre les avantages aux g\u00e9n\u00e9rations futures et \u00e9quilibrer les int\u00e9r\u00eats entre les b\u00e9n\u00e9ficiaires actuels et restants.\t\t\t\t\t<\/div>\n\t\t\t\t\n\t\t\t\t\t\t\t<\/div>\n\t\t\t\t\t\t<\/a>\n\t\t\t\t<\/div>\n\t\t\t\t<\/div>\n\t\t\t\t\t<\/div>\n\t\t<\/div>\n\t\t\t\t\t<\/div>\n\t\t<\/section>\n\t\t\t\t\t<\/div>\n\t\t<\/div>\n\t\t\t\t\t<\/div>\n\t\t<\/section>\n\t\t\t\t<\/div>","protected":false},"excerpt":{"rendered":"<p>Trust And Estate You have the power to provide for your family and community. Altiore Consulting has the experience to help you leave exactly the legacy you want. Altiore Consulting can help you preserve and distribute your wealth as you intend. Through our partners we can also offer you trust services, whether you already have [&hellip;]<\/p>","protected":false},"author":1,"featured_media":0,"parent":61,"menu_order":0,"comment_status":"closed","ping_status":"closed","template":"elementor_header_footer","meta":{"footnotes":""},"class_list":["post-499","page","type-page","status-publish","hentry"],"yoast_head":"<!-- This site is optimized with the Yoast SEO plugin v22.7 - https:\/\/yoast.com\/wordpress\/plugins\/seo\/ -->\n<title>TRUST AND ESTATE - Altiore Consulting<\/title>\n<meta name=\"robots\" content=\"index, follow, max-snippet:-1, max-image-preview:large, max-video-preview:-1\" \/>\n<link rel=\"canonical\" href=\"https:\/\/altioreconsulting.com\/fr\/services\/trust-and-estate\/\" \/>\n<meta property=\"og:locale\" content=\"fr_FR\" \/>\n<meta property=\"og:type\" content=\"article\" \/>\n<meta property=\"og:title\" content=\"TRUST AND ESTATE - Altiore Consulting\" \/>\n<meta property=\"og:description\" content=\"Trust And Estate You have the power to provide for your family and community. Altiore Consulting has the experience to help you leave exactly the legacy you want. Altiore Consulting can help you preserve and distribute your wealth as you intend. Through our partners we can also offer you trust services, whether you already have [&hellip;]\" \/>\n<meta property=\"og:url\" content=\"https:\/\/altioreconsulting.com\/fr\/services\/trust-and-estate\/\" \/>\n<meta property=\"og:site_name\" content=\"Altiore Consulting\" \/>\n<meta property=\"article:modified_time\" content=\"2021-07-19T23:10:32+00:00\" \/>\n<meta name=\"twitter:card\" content=\"summary_large_image\" \/>\n<meta name=\"twitter:label1\" content=\"Dur\u00e9e de lecture estim\u00e9e\" \/>\n\t<meta name=\"twitter:data1\" content=\"1 minute\" \/>\n<script type=\"application\/ld+json\" class=\"yoast-schema-graph\">{\"@context\":\"https:\/\/schema.org\",\"@graph\":[{\"@type\":\"WebPage\",\"@id\":\"https:\/\/altioreconsulting.com\/services\/trust-and-estate\/\",\"url\":\"https:\/\/altioreconsulting.com\/services\/trust-and-estate\/\",\"name\":\"TRUST AND ESTATE - Altiore Consulting\",\"isPartOf\":{\"@id\":\"https:\/\/altioreconsulting.com\/fr\/#website\"},\"datePublished\":\"2021-03-25T01:38:42+00:00\",\"dateModified\":\"2021-07-19T23:10:32+00:00\",\"breadcrumb\":{\"@id\":\"https:\/\/altioreconsulting.com\/services\/trust-and-estate\/#breadcrumb\"},\"inLanguage\":\"fr-FR\",\"potentialAction\":[{\"@type\":\"ReadAction\",\"target\":[\"https:\/\/altioreconsulting.com\/services\/trust-and-estate\/\"]}]},{\"@type\":\"BreadcrumbList\",\"@id\":\"https:\/\/altioreconsulting.com\/services\/trust-and-estate\/#breadcrumb\",\"itemListElement\":[{\"@type\":\"ListItem\",\"position\":1,\"name\":\"Accueil\",\"item\":\"https:\/\/altioreconsulting.com\/\"},{\"@type\":\"ListItem\",\"position\":2,\"name\":\"Services\",\"item\":\"https:\/\/altioreconsulting.com\/services\/\"},{\"@type\":\"ListItem\",\"position\":3,\"name\":\"TRUST AND ESTATE\"}]},{\"@type\":\"WebSite\",\"@id\":\"https:\/\/altioreconsulting.com\/fr\/#website\",\"url\":\"https:\/\/altioreconsulting.com\/fr\/\",\"name\":\"Altiore Consulting\",\"description\":\"Your strategic partner for wealthy individuals, entrepreneurs, business families and family  offices.\",\"publisher\":{\"@id\":\"https:\/\/altioreconsulting.com\/fr\/#organization\"},\"potentialAction\":[{\"@type\":\"SearchAction\",\"target\":{\"@type\":\"EntryPoint\",\"urlTemplate\":\"https:\/\/altioreconsulting.com\/fr\/?s={search_term_string}\"},\"query-input\":\"required name=search_term_string\"}],\"inLanguage\":\"fr-FR\"},{\"@type\":\"Organization\",\"@id\":\"https:\/\/altioreconsulting.com\/fr\/#organization\",\"name\":\"Altiore Consulting\",\"url\":\"https:\/\/altioreconsulting.com\/fr\/\",\"logo\":{\"@type\":\"ImageObject\",\"inLanguage\":\"fr-FR\",\"@id\":\"https:\/\/altioreconsulting.com\/fr\/#\/schema\/logo\/image\/\",\"url\":\"https:\/\/altioreconsulting.com\/wp-content\/uploads\/2021\/03\/cropped-300x300-white-logo-icon.png\",\"contentUrl\":\"https:\/\/altioreconsulting.com\/wp-content\/uploads\/2021\/03\/cropped-300x300-white-logo-icon.png\",\"width\":190,\"height\":190,\"caption\":\"Altiore Consulting\"},\"image\":{\"@id\":\"https:\/\/altioreconsulting.com\/fr\/#\/schema\/logo\/image\/\"}}]}<\/script>\n<!-- \/ Yoast SEO plugin. -->","yoast_head_json":{"title":"TRUST AND ESTATE - Altiore Consulting","robots":{"index":"index","follow":"follow","max-snippet":"max-snippet:-1","max-image-preview":"max-image-preview:large","max-video-preview":"max-video-preview:-1"},"canonical":"https:\/\/altioreconsulting.com\/fr\/services\/trust-and-estate\/","og_locale":"fr_FR","og_type":"article","og_title":"TRUST AND ESTATE - Altiore Consulting","og_description":"Trust And Estate You have the power to provide for your family and community. Altiore Consulting has the experience to help you leave exactly the legacy you want. Altiore Consulting can help you preserve and distribute your wealth as you intend. Through our partners we can also offer you trust services, whether you already have [&hellip;]","og_url":"https:\/\/altioreconsulting.com\/fr\/services\/trust-and-estate\/","og_site_name":"Altiore Consulting","article_modified_time":"2021-07-19T23:10:32+00:00","twitter_card":"summary_large_image","twitter_misc":{"Dur\u00e9e de lecture estim\u00e9e":"1 minute"},"schema":{"@context":"https:\/\/schema.org","@graph":[{"@type":"WebPage","@id":"https:\/\/altioreconsulting.com\/services\/trust-and-estate\/","url":"https:\/\/altioreconsulting.com\/services\/trust-and-estate\/","name":"TRUST AND ESTATE - Altiore Consulting","isPartOf":{"@id":"https:\/\/altioreconsulting.com\/fr\/#website"},"datePublished":"2021-03-25T01:38:42+00:00","dateModified":"2021-07-19T23:10:32+00:00","breadcrumb":{"@id":"https:\/\/altioreconsulting.com\/services\/trust-and-estate\/#breadcrumb"},"inLanguage":"fr-FR","potentialAction":[{"@type":"ReadAction","target":["https:\/\/altioreconsulting.com\/services\/trust-and-estate\/"]}]},{"@type":"BreadcrumbList","@id":"https:\/\/altioreconsulting.com\/services\/trust-and-estate\/#breadcrumb","itemListElement":[{"@type":"ListItem","position":1,"name":"Accueil","item":"https:\/\/altioreconsulting.com\/"},{"@type":"ListItem","position":2,"name":"Services","item":"https:\/\/altioreconsulting.com\/services\/"},{"@type":"ListItem","position":3,"name":"TRUST AND ESTATE"}]},{"@type":"WebSite","@id":"https:\/\/altioreconsulting.com\/fr\/#website","url":"https:\/\/altioreconsulting.com\/fr\/","name":"Altiore Consulting","description":"Your strategic partner for wealthy individuals, entrepreneurs, business families and family  offices.","publisher":{"@id":"https:\/\/altioreconsulting.com\/fr\/#organization"},"potentialAction":[{"@type":"SearchAction","target":{"@type":"EntryPoint","urlTemplate":"https:\/\/altioreconsulting.com\/fr\/?s={search_term_string}"},"query-input":"required name=search_term_string"}],"inLanguage":"fr-FR"},{"@type":"Organization","@id":"https:\/\/altioreconsulting.com\/fr\/#organization","name":"Altiore Consulting","url":"https:\/\/altioreconsulting.com\/fr\/","logo":{"@type":"ImageObject","inLanguage":"fr-FR","@id":"https:\/\/altioreconsulting.com\/fr\/#\/schema\/logo\/image\/","url":"https:\/\/altioreconsulting.com\/wp-content\/uploads\/2021\/03\/cropped-300x300-white-logo-icon.png","contentUrl":"https:\/\/altioreconsulting.com\/wp-content\/uploads\/2021\/03\/cropped-300x300-white-logo-icon.png","width":190,"height":190,"caption":"Altiore Consulting"},"image":{"@id":"https:\/\/altioreconsulting.com\/fr\/#\/schema\/logo\/image\/"}}]}},"_links":{"self":[{"href":"https:\/\/altioreconsulting.com\/fr\/wp-json\/wp\/v2\/pages\/499","targetHints":{"allow":["GET"]}}],"collection":[{"href":"https:\/\/altioreconsulting.com\/fr\/wp-json\/wp\/v2\/pages"}],"about":[{"href":"https:\/\/altioreconsulting.com\/fr\/wp-json\/wp\/v2\/types\/page"}],"author":[{"embeddable":true,"href":"https:\/\/altioreconsulting.com\/fr\/wp-json\/wp\/v2\/users\/1"}],"replies":[{"embeddable":true,"href":"https:\/\/altioreconsulting.com\/fr\/wp-json\/wp\/v2\/comments?post=499"}],"version-history":[{"count":13,"href":"https:\/\/altioreconsulting.com\/fr\/wp-json\/wp\/v2\/pages\/499\/revisions"}],"predecessor-version":[{"id":850,"href":"https:\/\/altioreconsulting.com\/fr\/wp-json\/wp\/v2\/pages\/499\/revisions\/850"}],"up":[{"embeddable":true,"href":"https:\/\/altioreconsulting.com\/fr\/wp-json\/wp\/v2\/pages\/61"}],"wp:attachment":[{"href":"https:\/\/altioreconsulting.com\/fr\/wp-json\/wp\/v2\/media?parent=499"}],"curies":[{"name":"wp","href":"https:\/\/api.w.org\/{rel}","templated":true}]}}