{"id":503,"date":"2021-03-25T02:39:17","date_gmt":"2021-03-25T01:39:17","guid":{"rendered":"https:\/\/altioreconsulting.com\/?page_id=503"},"modified":"2021-07-20T01:15:30","modified_gmt":"2021-07-19T23:15:30","slug":"concierge-services","status":"publish","type":"page","link":"https:\/\/altioreconsulting.com\/fr\/services\/concierge-services\/","title":{"rendered":"SERVICES DE CONCIERGERIE"},"content":{"rendered":"<div data-elementor-type=\"wp-page\" data-elementor-id=\"503\" class=\"elementor elementor-503\">\n\t\t\t\t\t\t<section class=\"elementor-section elementor-top-section elementor-element elementor-element-bf97c91 elementor-section-boxed elementor-section-height-default elementor-section-height-default\" data-id=\"bf97c91\" data-element_type=\"section\">\n\t\t\t\t\t\t<div class=\"elementor-container elementor-column-gap-default\">\n\t\t\t\t\t<div class=\"elementor-column elementor-col-50 elementor-top-column elementor-element elementor-element-871b550\" data-id=\"871b550\" data-element_type=\"column\">\n\t\t\t<div class=\"elementor-widget-wrap elementor-element-populated\">\n\t\t\t\t\t\t<div class=\"elementor-element elementor-element-0ce83a6 elementor-widget elementor-widget-heading\" data-id=\"0ce83a6\" data-element_type=\"widget\" data-widget_type=\"heading.default\">\n\t\t\t\t<div class=\"elementor-widget-container\">\n\t\t\t<h2 class=\"elementor-heading-title elementor-size-default\">Services de conciergerie<\/h2>\t\t<\/div>\n\t\t\t\t<\/div>\n\t\t\t\t<div class=\"elementor-element elementor-element-1424cb3 elementor-widget elementor-widget-text-editor\" data-id=\"1424cb3\" data-element_type=\"widget\" data-widget_type=\"text-editor.default\">\n\t\t\t\t<div class=\"elementor-widget-container\">\n\t\t\t\t\t\t\t<p>Notre service de conciergerie est la ressource id\u00e9ale pour r\u00e9server des vols, trouver un h\u00e9bergement et vivre des exp\u00e9riences incomparables.<\/p><p>Altiore Consulting r\u00e9pond \u00e0 vos besoins de voyage et de divertissement, jusque dans les moindres d\u00e9tails.<\/p>\t\t\t\t\t\t<\/div>\n\t\t\t\t<\/div>\n\t\t\t\t\t<\/div>\n\t\t<\/div>\n\t\t\t\t<div class=\"elementor-column elementor-col-50 elementor-top-column elementor-element elementor-element-69ed32e\" data-id=\"69ed32e\" data-element_type=\"column\">\n\t\t\t<div class=\"elementor-widget-wrap elementor-element-populated\">\n\t\t\t\t\t\t<section class=\"elementor-section elementor-inner-section elementor-element elementor-element-913cc7d elementor-section-boxed elementor-section-height-default elementor-section-height-default\" data-id=\"913cc7d\" data-element_type=\"section\" data-settings=\"{&quot;motion_fx_motion_fx_scrolling&quot;:&quot;yes&quot;,&quot;motion_fx_translateY_effect&quot;:&quot;yes&quot;,&quot;motion_fx_translateY_speed&quot;:{&quot;unit&quot;:&quot;px&quot;,&quot;size&quot;:&quot;1&quot;,&quot;sizes&quot;:[]},&quot;motion_fx_translateY_affectedRange&quot;:{&quot;unit&quot;:&quot;%&quot;,&quot;size&quot;:&quot;&quot;,&quot;sizes&quot;:{&quot;start&quot;:&quot;0&quot;,&quot;end&quot;:&quot;50&quot;}},&quot;motion_fx_opacity_effect&quot;:&quot;yes&quot;,&quot;motion_fx_opacity_range&quot;:{&quot;unit&quot;:&quot;%&quot;,&quot;size&quot;:&quot;&quot;,&quot;sizes&quot;:{&quot;start&quot;:&quot;0&quot;,&quot;end&quot;:&quot;30&quot;}},&quot;motion_fx_devices&quot;:[&quot;desktop&quot;],&quot;motion_fx_opacity_direction&quot;:&quot;out-in&quot;,&quot;motion_fx_opacity_level&quot;:{&quot;unit&quot;:&quot;px&quot;,&quot;size&quot;:10,&quot;sizes&quot;:[]}}\">\n\t\t\t\t\t\t<div class=\"elementor-container elementor-column-gap-default\">\n\t\t\t\t\t<div class=\"elementor-column elementor-col-50 elementor-inner-column elementor-element elementor-element-4cfa836\" data-id=\"4cfa836\" data-element_type=\"column\">\n\t\t\t<div class=\"elementor-widget-wrap elementor-element-populated\">\n\t\t\t\t\t\t<div class=\"elementor-element elementor-element-8b8f60a elementor-cta--skin-cover elementor-cta--valign-middle elementor-widget elementor-widget-call-to-action\" data-id=\"8b8f60a\" data-element_type=\"widget\" data-widget_type=\"call-to-action.default\">\n\t\t\t\t<div class=\"elementor-widget-container\">\n\t\t\t\t\t<a class=\"elementor-cta\" href=\"#\">\n\t\t\t\t\t<div class=\"elementor-cta__bg-wrapper\">\n\t\t\t\t<div class=\"elementor-cta__bg elementor-bg\" style=\"background-image: url();\"><\/div>\n\t\t\t\t<div class=\"elementor-cta__bg-overlay\"><\/div>\n\t\t\t<\/div>\n\t\t\t\t\t\t\t<div class=\"elementor-cta__content\">\n\t\t\t\t\n\t\t\t\t<h2 class=\"elementor-cta__title elementor-cta__content-item elementor-content-item\">Billet d'avion<\/h2>\n\t\t\t\t\n\t\t\t\t\t\t\t<\/div>\n\t\t\t\t\t\t<\/a>\n\t\t\t\t<\/div>\n\t\t\t\t<\/div>\n\t\t\t\t\t<\/div>\n\t\t<\/div>\n\t\t\t\t<div class=\"elementor-column elementor-col-50 elementor-inner-column elementor-element elementor-element-06197b8\" data-id=\"06197b8\" data-element_type=\"column\">\n\t\t\t<div class=\"elementor-widget-wrap elementor-element-populated\">\n\t\t\t\t\t\t<div class=\"elementor-element elementor-element-c22e3a9 elementor-cta--skin-cover elementor-cta--valign-middle elementor-widget elementor-widget-call-to-action\" data-id=\"c22e3a9\" data-element_type=\"widget\" data-widget_type=\"call-to-action.default\">\n\t\t\t\t<div class=\"elementor-widget-container\">\n\t\t\t\t\t<a class=\"elementor-cta\" href=\"#\">\n\t\t\t\t\t<div class=\"elementor-cta__bg-wrapper\">\n\t\t\t\t<div class=\"elementor-cta__bg elementor-bg\" style=\"background-image: url();\"><\/div>\n\t\t\t\t<div class=\"elementor-cta__bg-overlay\"><\/div>\n\t\t\t<\/div>\n\t\t\t\t\t\t\t<div class=\"elementor-cta__content\">\n\t\t\t\t\n\t\t\t\t<h2 class=\"elementor-cta__title elementor-cta__content-item elementor-content-item\">Jets priv\u00e9s<\/h2>\n\t\t\t\t\n\t\t\t\t\t\t\t<\/div>\n\t\t\t\t\t\t<\/a>\n\t\t\t\t<\/div>\n\t\t\t\t<\/div>\n\t\t\t\t\t<\/div>\n\t\t<\/div>\n\t\t\t\t\t<\/div>\n\t\t<\/section>\n\t\t\t\t<section class=\"elementor-section elementor-inner-section elementor-element elementor-element-722af56 elementor-section-boxed elementor-section-height-default elementor-section-height-default\" data-id=\"722af56\" data-element_type=\"section\" data-settings=\"{&quot;motion_fx_motion_fx_scrolling&quot;:&quot;yes&quot;,&quot;motion_fx_translateY_effect&quot;:&quot;yes&quot;,&quot;motion_fx_translateY_speed&quot;:{&quot;unit&quot;:&quot;px&quot;,&quot;size&quot;:&quot;1&quot;,&quot;sizes&quot;:[]},&quot;motion_fx_translateY_affectedRange&quot;:{&quot;unit&quot;:&quot;%&quot;,&quot;size&quot;:&quot;&quot;,&quot;sizes&quot;:{&quot;start&quot;:&quot;0&quot;,&quot;end&quot;:&quot;50&quot;}},&quot;motion_fx_opacity_effect&quot;:&quot;yes&quot;,&quot;motion_fx_opacity_range&quot;:{&quot;unit&quot;:&quot;%&quot;,&quot;size&quot;:&quot;&quot;,&quot;sizes&quot;:{&quot;start&quot;:&quot;0&quot;,&quot;end&quot;:&quot;30&quot;}},&quot;motion_fx_devices&quot;:[&quot;desktop&quot;],&quot;motion_fx_opacity_direction&quot;:&quot;out-in&quot;,&quot;motion_fx_opacity_level&quot;:{&quot;unit&quot;:&quot;px&quot;,&quot;size&quot;:10,&quot;sizes&quot;:[]}}\">\n\t\t\t\t\t\t<div class=\"elementor-container elementor-column-gap-default\">\n\t\t\t\t\t<div class=\"elementor-column elementor-col-50 elementor-inner-column elementor-element elementor-element-31cac30\" data-id=\"31cac30\" data-element_type=\"column\">\n\t\t\t<div class=\"elementor-widget-wrap elementor-element-populated\">\n\t\t\t\t\t\t<div class=\"elementor-element elementor-element-9bb669b elementor-cta--skin-cover elementor-cta--valign-middle elementor-widget elementor-widget-call-to-action\" data-id=\"9bb669b\" data-element_type=\"widget\" data-widget_type=\"call-to-action.default\">\n\t\t\t\t<div class=\"elementor-widget-container\">\n\t\t\t\t\t<a class=\"elementor-cta\" href=\"#\">\n\t\t\t\t\t<div class=\"elementor-cta__bg-wrapper\">\n\t\t\t\t<div class=\"elementor-cta__bg elementor-bg\" style=\"background-image: url();\"><\/div>\n\t\t\t\t<div class=\"elementor-cta__bg-overlay\"><\/div>\n\t\t\t<\/div>\n\t\t\t\t\t\t\t<div class=\"elementor-cta__content\">\n\t\t\t\t\n\t\t\t\t<h2 class=\"elementor-cta__title elementor-cta__content-item elementor-content-item\">Location de villas de luxe<\/h2>\n\t\t\t\t\n\t\t\t\t\t\t\t<\/div>\n\t\t\t\t\t\t<\/a>\n\t\t\t\t<\/div>\n\t\t\t\t<\/div>\n\t\t\t\t\t<\/div>\n\t\t<\/div>\n\t\t\t\t<div class=\"elementor-column elementor-col-50 elementor-inner-column elementor-element elementor-element-f65672b\" data-id=\"f65672b\" data-element_type=\"column\">\n\t\t\t<div class=\"elementor-widget-wrap elementor-element-populated\">\n\t\t\t\t\t\t<div class=\"elementor-element elementor-element-93c9e1f elementor-cta--skin-cover elementor-cta--valign-middle elementor-widget elementor-widget-call-to-action\" data-id=\"93c9e1f\" data-element_type=\"widget\" data-widget_type=\"call-to-action.default\">\n\t\t\t\t<div class=\"elementor-widget-container\">\n\t\t\t\t\t<a class=\"elementor-cta\" href=\"#\">\n\t\t\t\t\t<div class=\"elementor-cta__bg-wrapper\">\n\t\t\t\t<div class=\"elementor-cta__bg elementor-bg\" style=\"background-image: url();\"><\/div>\n\t\t\t\t<div class=\"elementor-cta__bg-overlay\"><\/div>\n\t\t\t<\/div>\n\t\t\t\t\t\t\t<div class=\"elementor-cta__content\">\n\t\t\t\t\n\t\t\t\t<h2 class=\"elementor-cta__title elementor-cta__content-item elementor-content-item\">Vacances<\/h2>\n\t\t\t\t\n\t\t\t\t\t\t\t<\/div>\n\t\t\t\t\t\t<\/a>\n\t\t\t\t<\/div>\n\t\t\t\t<\/div>\n\t\t\t\t\t<\/div>\n\t\t<\/div>\n\t\t\t\t\t<\/div>\n\t\t<\/section>\n\t\t\t\t<section class=\"elementor-section elementor-inner-section elementor-element elementor-element-dc22377 elementor-section-boxed elementor-section-height-default elementor-section-height-default\" data-id=\"dc22377\" data-element_type=\"section\" data-settings=\"{&quot;motion_fx_motion_fx_scrolling&quot;:&quot;yes&quot;,&quot;motion_fx_translateY_effect&quot;:&quot;yes&quot;,&quot;motion_fx_translateY_speed&quot;:{&quot;unit&quot;:&quot;px&quot;,&quot;size&quot;:&quot;1&quot;,&quot;sizes&quot;:[]},&quot;motion_fx_translateY_affectedRange&quot;:{&quot;unit&quot;:&quot;%&quot;,&quot;size&quot;:&quot;&quot;,&quot;sizes&quot;:{&quot;start&quot;:&quot;0&quot;,&quot;end&quot;:&quot;50&quot;}},&quot;motion_fx_opacity_effect&quot;:&quot;yes&quot;,&quot;motion_fx_opacity_range&quot;:{&quot;unit&quot;:&quot;%&quot;,&quot;size&quot;:&quot;&quot;,&quot;sizes&quot;:{&quot;start&quot;:&quot;0&quot;,&quot;end&quot;:&quot;30&quot;}},&quot;motion_fx_devices&quot;:[&quot;desktop&quot;],&quot;motion_fx_opacity_direction&quot;:&quot;out-in&quot;,&quot;motion_fx_opacity_level&quot;:{&quot;unit&quot;:&quot;px&quot;,&quot;size&quot;:10,&quot;sizes&quot;:[]}}\">\n\t\t\t\t\t\t<div class=\"elementor-container elementor-column-gap-default\">\n\t\t\t\t\t<div class=\"elementor-column elementor-col-50 elementor-inner-column elementor-element elementor-element-5798fe3\" data-id=\"5798fe3\" data-element_type=\"column\">\n\t\t\t<div class=\"elementor-widget-wrap elementor-element-populated\">\n\t\t\t\t\t\t<div class=\"elementor-element elementor-element-9a33a82 elementor-cta--skin-cover elementor-cta--valign-middle elementor-widget elementor-widget-call-to-action\" data-id=\"9a33a82\" data-element_type=\"widget\" data-widget_type=\"call-to-action.default\">\n\t\t\t\t<div class=\"elementor-widget-container\">\n\t\t\t\t\t<a class=\"elementor-cta\" href=\"#\">\n\t\t\t\t\t<div class=\"elementor-cta__bg-wrapper\">\n\t\t\t\t<div class=\"elementor-cta__bg elementor-bg\" style=\"background-image: url();\"><\/div>\n\t\t\t\t<div class=\"elementor-cta__bg-overlay\"><\/div>\n\t\t\t<\/div>\n\t\t\t\t\t\t\t<div class=\"elementor-cta__content\">\n\t\t\t\t\n\t\t\t\t<h2 class=\"elementor-cta__title elementor-cta__content-item elementor-content-item\">\u00c9v\u00e8nements sportifs<\/h2>\n\t\t\t\t\n\t\t\t\t\t\t\t<\/div>\n\t\t\t\t\t\t<\/a>\n\t\t\t\t<\/div>\n\t\t\t\t<\/div>\n\t\t\t\t\t<\/div>\n\t\t<\/div>\n\t\t\t\t<div class=\"elementor-column elementor-col-50 elementor-inner-column elementor-element elementor-element-c97b160\" data-id=\"c97b160\" data-element_type=\"column\">\n\t\t\t<div class=\"elementor-widget-wrap elementor-element-populated\">\n\t\t\t\t\t\t<div class=\"elementor-element elementor-element-59d5181 elementor-cta--skin-cover elementor-cta--valign-middle elementor-widget elementor-widget-call-to-action\" data-id=\"59d5181\" data-element_type=\"widget\" data-widget_type=\"call-to-action.default\">\n\t\t\t\t<div class=\"elementor-widget-container\">\n\t\t\t\t\t<a class=\"elementor-cta\" href=\"#\">\n\t\t\t\t\t<div class=\"elementor-cta__bg-wrapper\">\n\t\t\t\t<div class=\"elementor-cta__bg elementor-bg\" style=\"background-image: url();\"><\/div>\n\t\t\t\t<div class=\"elementor-cta__bg-overlay\"><\/div>\n\t\t\t<\/div>\n\t\t\t\t\t\t\t<div class=\"elementor-cta__content\">\n\t\t\t\t\n\t\t\t\t<h2 class=\"elementor-cta__title elementor-cta__content-item elementor-content-item\">Acc\u00e8s aux \u00e9v\u00e9nements VIP<\/h2>\n\t\t\t\t\n\t\t\t\t\t\t\t<\/div>\n\t\t\t\t\t\t<\/a>\n\t\t\t\t<\/div>\n\t\t\t\t<\/div>\n\t\t\t\t\t<\/div>\n\t\t<\/div>\n\t\t\t\t\t<\/div>\n\t\t<\/section>\n\t\t\t\t<section class=\"elementor-section elementor-inner-section elementor-element elementor-element-26d25b6 elementor-section-boxed elementor-section-height-default elementor-section-height-default\" data-id=\"26d25b6\" data-element_type=\"section\" data-settings=\"{&quot;motion_fx_motion_fx_scrolling&quot;:&quot;yes&quot;,&quot;motion_fx_translateY_effect&quot;:&quot;yes&quot;,&quot;motion_fx_translateY_speed&quot;:{&quot;unit&quot;:&quot;px&quot;,&quot;size&quot;:&quot;1&quot;,&quot;sizes&quot;:[]},&quot;motion_fx_translateY_affectedRange&quot;:{&quot;unit&quot;:&quot;%&quot;,&quot;size&quot;:&quot;&quot;,&quot;sizes&quot;:{&quot;start&quot;:&quot;0&quot;,&quot;end&quot;:&quot;50&quot;}},&quot;motion_fx_opacity_effect&quot;:&quot;yes&quot;,&quot;motion_fx_opacity_range&quot;:{&quot;unit&quot;:&quot;%&quot;,&quot;size&quot;:&quot;&quot;,&quot;sizes&quot;:{&quot;start&quot;:&quot;0&quot;,&quot;end&quot;:&quot;30&quot;}},&quot;motion_fx_devices&quot;:[&quot;desktop&quot;],&quot;motion_fx_opacity_direction&quot;:&quot;out-in&quot;,&quot;motion_fx_opacity_level&quot;:{&quot;unit&quot;:&quot;px&quot;,&quot;size&quot;:10,&quot;sizes&quot;:[]}}\">\n\t\t\t\t\t\t<div class=\"elementor-container elementor-column-gap-default\">\n\t\t\t\t\t<div class=\"elementor-column elementor-col-50 elementor-inner-column elementor-element elementor-element-8541d9f\" data-id=\"8541d9f\" data-element_type=\"column\">\n\t\t\t<div class=\"elementor-widget-wrap elementor-element-populated\">\n\t\t\t\t\t\t<div class=\"elementor-element elementor-element-86124c4 elementor-cta--skin-cover elementor-cta--valign-middle elementor-widget elementor-widget-call-to-action\" data-id=\"86124c4\" data-element_type=\"widget\" data-widget_type=\"call-to-action.default\">\n\t\t\t\t<div class=\"elementor-widget-container\">\n\t\t\t\t\t<a class=\"elementor-cta\" href=\"#\">\n\t\t\t\t\t<div class=\"elementor-cta__bg-wrapper\">\n\t\t\t\t<div class=\"elementor-cta__bg elementor-bg\" style=\"background-image: url();\"><\/div>\n\t\t\t\t<div class=\"elementor-cta__bg-overlay\"><\/div>\n\t\t\t<\/div>\n\t\t\t\t\t\t\t<div class=\"elementor-cta__content\">\n\t\t\t\t\n\t\t\t\t<h2 class=\"elementor-cta__title elementor-cta__content-item elementor-content-item\">Festivals de musique et d'art<\/h2>\n\t\t\t\t\n\t\t\t\t\t\t\t<\/div>\n\t\t\t\t\t\t<\/a>\n\t\t\t\t<\/div>\n\t\t\t\t<\/div>\n\t\t\t\t\t<\/div>\n\t\t<\/div>\n\t\t\t\t<div class=\"elementor-column elementor-col-50 elementor-inner-column elementor-element elementor-element-3a59ea7\" data-id=\"3a59ea7\" data-element_type=\"column\">\n\t\t\t<div class=\"elementor-widget-wrap elementor-element-populated\">\n\t\t\t\t\t\t<div class=\"elementor-element elementor-element-e2efa0b elementor-cta--skin-cover elementor-cta--valign-middle elementor-widget elementor-widget-call-to-action\" data-id=\"e2efa0b\" data-element_type=\"widget\" data-widget_type=\"call-to-action.default\">\n\t\t\t\t<div class=\"elementor-widget-container\">\n\t\t\t\t\t<a class=\"elementor-cta\" href=\"#\">\n\t\t\t\t\t<div class=\"elementor-cta__bg-wrapper\">\n\t\t\t\t<div class=\"elementor-cta__bg elementor-bg\" style=\"background-image: url();\"><\/div>\n\t\t\t\t<div class=\"elementor-cta__bg-overlay\"><\/div>\n\t\t\t<\/div>\n\t\t\t\t\t\t\t<div class=\"elementor-cta__content\">\n\t\t\t\t\n\t\t\t\t<h2 class=\"elementor-cta__title elementor-cta__content-item elementor-content-item\">Concerts-\u00e9v\u00e9nements<\/h2>\n\t\t\t\t\n\t\t\t\t\t\t\t<\/div>\n\t\t\t\t\t\t<\/a>\n\t\t\t\t<\/div>\n\t\t\t\t<\/div>\n\t\t\t\t\t<\/div>\n\t\t<\/div>\n\t\t\t\t\t<\/div>\n\t\t<\/section>\n\t\t\t\t\t<\/div>\n\t\t<\/div>\n\t\t\t\t\t<\/div>\n\t\t<\/section>\n\t\t\t\t<\/div>","protected":false},"excerpt":{"rendered":"<p>Concierge Services Our concierge service is the perfect resource for booking flights, finding accommodation and incomparable experiences. Altiore Consulting meets your luxury travel and entertainment needs, down to the smallest detail. Airfare Private jets Luxury Villa Rentals Vacation Sport events Access to VIP events Music and art festivals Concert events<\/p>","protected":false},"author":1,"featured_media":0,"parent":61,"menu_order":0,"comment_status":"closed","ping_status":"closed","template":"elementor_header_footer","meta":{"footnotes":""},"class_list":["post-503","page","type-page","status-publish","hentry"],"yoast_head":"<!-- This site is optimized with the Yoast SEO plugin v22.7 - https:\/\/yoast.com\/wordpress\/plugins\/seo\/ -->\n<title>CONCIERGE SERVICES - Altiore Consulting<\/title>\n<meta name=\"robots\" content=\"index, follow, max-snippet:-1, max-image-preview:large, max-video-preview:-1\" \/>\n<link rel=\"canonical\" href=\"https:\/\/altioreconsulting.com\/fr\/services\/concierge-services\/\" \/>\n<meta property=\"og:locale\" content=\"fr_FR\" \/>\n<meta property=\"og:type\" content=\"article\" \/>\n<meta property=\"og:title\" content=\"CONCIERGE SERVICES - Altiore Consulting\" \/>\n<meta property=\"og:description\" content=\"Concierge Services Our concierge service is the perfect resource for booking flights, finding accommodation and incomparable experiences. Altiore Consulting meets your luxury travel and entertainment needs, down to the smallest detail. Airfare Private jets Luxury Villa Rentals Vacation Sport events Access to VIP events Music and art festivals Concert events\" \/>\n<meta property=\"og:url\" content=\"https:\/\/altioreconsulting.com\/fr\/services\/concierge-services\/\" \/>\n<meta property=\"og:site_name\" content=\"Altiore Consulting\" \/>\n<meta property=\"article:modified_time\" content=\"2021-07-19T23:15:30+00:00\" \/>\n<meta name=\"twitter:card\" content=\"summary_large_image\" \/>\n<meta name=\"twitter:label1\" content=\"Dur\u00e9e de lecture estim\u00e9e\" \/>\n\t<meta name=\"twitter:data1\" content=\"1 minute\" \/>\n<script type=\"application\/ld+json\" class=\"yoast-schema-graph\">{\"@context\":\"https:\/\/schema.org\",\"@graph\":[{\"@type\":\"WebPage\",\"@id\":\"https:\/\/altioreconsulting.com\/services\/concierge-services\/\",\"url\":\"https:\/\/altioreconsulting.com\/services\/concierge-services\/\",\"name\":\"CONCIERGE SERVICES - Altiore Consulting\",\"isPartOf\":{\"@id\":\"https:\/\/altioreconsulting.com\/fr\/#website\"},\"datePublished\":\"2021-03-25T01:39:17+00:00\",\"dateModified\":\"2021-07-19T23:15:30+00:00\",\"breadcrumb\":{\"@id\":\"https:\/\/altioreconsulting.com\/services\/concierge-services\/#breadcrumb\"},\"inLanguage\":\"fr-FR\",\"potentialAction\":[{\"@type\":\"ReadAction\",\"target\":[\"https:\/\/altioreconsulting.com\/services\/concierge-services\/\"]}]},{\"@type\":\"BreadcrumbList\",\"@id\":\"https:\/\/altioreconsulting.com\/services\/concierge-services\/#breadcrumb\",\"itemListElement\":[{\"@type\":\"ListItem\",\"position\":1,\"name\":\"Accueil\",\"item\":\"https:\/\/altioreconsulting.com\/\"},{\"@type\":\"ListItem\",\"position\":2,\"name\":\"Services\",\"item\":\"https:\/\/altioreconsulting.com\/services\/\"},{\"@type\":\"ListItem\",\"position\":3,\"name\":\"CONCIERGE SERVICES\"}]},{\"@type\":\"WebSite\",\"@id\":\"https:\/\/altioreconsulting.com\/fr\/#website\",\"url\":\"https:\/\/altioreconsulting.com\/fr\/\",\"name\":\"Altiore Consulting\",\"description\":\"Your strategic partner for wealthy individuals, entrepreneurs, business families and family  offices.\",\"publisher\":{\"@id\":\"https:\/\/altioreconsulting.com\/fr\/#organization\"},\"potentialAction\":[{\"@type\":\"SearchAction\",\"target\":{\"@type\":\"EntryPoint\",\"urlTemplate\":\"https:\/\/altioreconsulting.com\/fr\/?s={search_term_string}\"},\"query-input\":\"required name=search_term_string\"}],\"inLanguage\":\"fr-FR\"},{\"@type\":\"Organization\",\"@id\":\"https:\/\/altioreconsulting.com\/fr\/#organization\",\"name\":\"Altiore Consulting\",\"url\":\"https:\/\/altioreconsulting.com\/fr\/\",\"logo\":{\"@type\":\"ImageObject\",\"inLanguage\":\"fr-FR\",\"@id\":\"https:\/\/altioreconsulting.com\/fr\/#\/schema\/logo\/image\/\",\"url\":\"https:\/\/altioreconsulting.com\/wp-content\/uploads\/2021\/03\/cropped-300x300-white-logo-icon.png\",\"contentUrl\":\"https:\/\/altioreconsulting.com\/wp-content\/uploads\/2021\/03\/cropped-300x300-white-logo-icon.png\",\"width\":190,\"height\":190,\"caption\":\"Altiore Consulting\"},\"image\":{\"@id\":\"https:\/\/altioreconsulting.com\/fr\/#\/schema\/logo\/image\/\"}}]}<\/script>\n<!-- \/ Yoast SEO plugin. -->","yoast_head_json":{"title":"CONCIERGE SERVICES - Altiore Consulting","robots":{"index":"index","follow":"follow","max-snippet":"max-snippet:-1","max-image-preview":"max-image-preview:large","max-video-preview":"max-video-preview:-1"},"canonical":"https:\/\/altioreconsulting.com\/fr\/services\/concierge-services\/","og_locale":"fr_FR","og_type":"article","og_title":"CONCIERGE SERVICES - Altiore Consulting","og_description":"Concierge Services Our concierge service is the perfect resource for booking flights, finding accommodation and incomparable experiences. Altiore Consulting meets your luxury travel and entertainment needs, down to the smallest detail. Airfare Private jets Luxury Villa Rentals Vacation Sport events Access to VIP events Music and art festivals Concert events","og_url":"https:\/\/altioreconsulting.com\/fr\/services\/concierge-services\/","og_site_name":"Altiore Consulting","article_modified_time":"2021-07-19T23:15:30+00:00","twitter_card":"summary_large_image","twitter_misc":{"Dur\u00e9e de lecture estim\u00e9e":"1 minute"},"schema":{"@context":"https:\/\/schema.org","@graph":[{"@type":"WebPage","@id":"https:\/\/altioreconsulting.com\/services\/concierge-services\/","url":"https:\/\/altioreconsulting.com\/services\/concierge-services\/","name":"CONCIERGE SERVICES - Altiore Consulting","isPartOf":{"@id":"https:\/\/altioreconsulting.com\/fr\/#website"},"datePublished":"2021-03-25T01:39:17+00:00","dateModified":"2021-07-19T23:15:30+00:00","breadcrumb":{"@id":"https:\/\/altioreconsulting.com\/services\/concierge-services\/#breadcrumb"},"inLanguage":"fr-FR","potentialAction":[{"@type":"ReadAction","target":["https:\/\/altioreconsulting.com\/services\/concierge-services\/"]}]},{"@type":"BreadcrumbList","@id":"https:\/\/altioreconsulting.com\/services\/concierge-services\/#breadcrumb","itemListElement":[{"@type":"ListItem","position":1,"name":"Accueil","item":"https:\/\/altioreconsulting.com\/"},{"@type":"ListItem","position":2,"name":"Services","item":"https:\/\/altioreconsulting.com\/services\/"},{"@type":"ListItem","position":3,"name":"CONCIERGE SERVICES"}]},{"@type":"WebSite","@id":"https:\/\/altioreconsulting.com\/fr\/#website","url":"https:\/\/altioreconsulting.com\/fr\/","name":"Altiore Consulting","description":"Your strategic partner for wealthy individuals, entrepreneurs, business families and family  offices.","publisher":{"@id":"https:\/\/altioreconsulting.com\/fr\/#organization"},"potentialAction":[{"@type":"SearchAction","target":{"@type":"EntryPoint","urlTemplate":"https:\/\/altioreconsulting.com\/fr\/?s={search_term_string}"},"query-input":"required name=search_term_string"}],"inLanguage":"fr-FR"},{"@type":"Organization","@id":"https:\/\/altioreconsulting.com\/fr\/#organization","name":"Altiore Consulting","url":"https:\/\/altioreconsulting.com\/fr\/","logo":{"@type":"ImageObject","inLanguage":"fr-FR","@id":"https:\/\/altioreconsulting.com\/fr\/#\/schema\/logo\/image\/","url":"https:\/\/altioreconsulting.com\/wp-content\/uploads\/2021\/03\/cropped-300x300-white-logo-icon.png","contentUrl":"https:\/\/altioreconsulting.com\/wp-content\/uploads\/2021\/03\/cropped-300x300-white-logo-icon.png","width":190,"height":190,"caption":"Altiore Consulting"},"image":{"@id":"https:\/\/altioreconsulting.com\/fr\/#\/schema\/logo\/image\/"}}]}},"_links":{"self":[{"href":"https:\/\/altioreconsulting.com\/fr\/wp-json\/wp\/v2\/pages\/503","targetHints":{"allow":["GET"]}}],"collection":[{"href":"https:\/\/altioreconsulting.com\/fr\/wp-json\/wp\/v2\/pages"}],"about":[{"href":"https:\/\/altioreconsulting.com\/fr\/wp-json\/wp\/v2\/types\/page"}],"author":[{"embeddable":true,"href":"https:\/\/altioreconsulting.com\/fr\/wp-json\/wp\/v2\/users\/1"}],"replies":[{"embeddable":true,"href":"https:\/\/altioreconsulting.com\/fr\/wp-json\/wp\/v2\/comments?post=503"}],"version-history":[{"count":7,"href":"https:\/\/altioreconsulting.com\/fr\/wp-json\/wp\/v2\/pages\/503\/revisions"}],"predecessor-version":[{"id":865,"href":"https:\/\/altioreconsulting.com\/fr\/wp-json\/wp\/v2\/pages\/503\/revisions\/865"}],"up":[{"embeddable":true,"href":"https:\/\/altioreconsulting.com\/fr\/wp-json\/wp\/v2\/pages\/61"}],"wp:attachment":[{"href":"https:\/\/altioreconsulting.com\/fr\/wp-json\/wp\/v2\/media?parent=503"}],"curies":[{"name":"wp","href":"https:\/\/api.w.org\/{rel}","templated":true}]}}