{"id":505,"date":"2021-03-25T02:39:35","date_gmt":"2021-03-25T01:39:35","guid":{"rendered":"https:\/\/altioreconsulting.com\/?page_id=505"},"modified":"2021-07-13T14:45:06","modified_gmt":"2021-07-13T12:45:06","slug":"business-developer","status":"publish","type":"page","link":"https:\/\/altioreconsulting.com\/fr\/services\/business-developer\/","title":{"rendered":"DEVELOPPEUR D\u2019AFFAIRES"},"content":{"rendered":"<div data-elementor-type=\"wp-page\" data-elementor-id=\"505\" class=\"elementor elementor-505\">\n\t\t\t\t\t\t<section class=\"elementor-section elementor-top-section elementor-element elementor-element-425b2c6 elementor-section-boxed elementor-section-height-default elementor-section-height-default\" data-id=\"425b2c6\" data-element_type=\"section\">\n\t\t\t\t\t\t<div class=\"elementor-container elementor-column-gap-default\">\n\t\t\t\t\t<div class=\"elementor-column elementor-col-50 elementor-top-column elementor-element elementor-element-4464eb8\" data-id=\"4464eb8\" data-element_type=\"column\">\n\t\t\t<div class=\"elementor-widget-wrap elementor-element-populated\">\n\t\t\t\t\t\t<div class=\"elementor-element elementor-element-1039ac2 elementor-widget elementor-widget-heading\" data-id=\"1039ac2\" data-element_type=\"widget\" data-widget_type=\"heading.default\">\n\t\t\t\t<div class=\"elementor-widget-container\">\n\t\t\t<h2 class=\"elementor-heading-title elementor-size-default\">D\u00e9veloppeur d'affaires<\/h2>\t\t<\/div>\n\t\t\t\t<\/div>\n\t\t\t\t\t<\/div>\n\t\t<\/div>\n\t\t\t\t<div class=\"elementor-column elementor-col-50 elementor-top-column elementor-element elementor-element-e9beed7\" data-id=\"e9beed7\" data-element_type=\"column\">\n\t\t\t<div class=\"elementor-widget-wrap elementor-element-populated\">\n\t\t\t\t\t\t<div class=\"elementor-element elementor-element-228463b elementor-widget elementor-widget-text-editor\" data-id=\"228463b\" data-element_type=\"widget\" data-widget_type=\"text-editor.default\">\n\t\t\t\t<div class=\"elementor-widget-container\">\n\t\t\t\t\t\t\t<p>Altiore Consulting accompagne ses clients dans le d\u00e9veloppement de leur activit\u00e9 et de leurs partenariats.<br \/>Gr\u00e2ce \u00e0 notre large r\u00e9seau, nous vous permettons de rencontrer des partenaires et clients<br \/>potentiels dans diff\u00e9rents domaines et secteurs d'investissement dont les nouvelles technologies, l'immobilier, la banque, le private<br \/>equity, l'h\u00f4tellerie et la restauration, l'art \u2026<\/p>\t\t\t\t\t\t<\/div>\n\t\t\t\t<\/div>\n\t\t\t\t\t<\/div>\n\t\t<\/div>\n\t\t\t\t\t<\/div>\n\t\t<\/section>\n\t\t\t\t<section class=\"elementor-section elementor-top-section elementor-element elementor-element-8539dad elementor-section-full_width elementor-section-height-default elementor-section-height-default\" data-id=\"8539dad\" data-element_type=\"section\">\n\t\t\t\t\t\t<div class=\"elementor-container elementor-column-gap-default\">\n\t\t\t\t\t<div class=\"elementor-column elementor-col-100 elementor-top-column elementor-element elementor-element-58fffcd\" data-id=\"58fffcd\" data-element_type=\"column\">\n\t\t\t<div class=\"elementor-widget-wrap elementor-element-populated\">\n\t\t\t\t\t\t<div class=\"elementor-element elementor-element-335c279 elementor-widget elementor-widget-image\" data-id=\"335c279\" data-element_type=\"widget\" data-widget_type=\"image.default\">\n\t\t\t\t<div class=\"elementor-widget-container\">\n\t\t\t\t\t\t\t\t\t\t\t\t\t<img fetchpriority=\"high\" decoding=\"async\" width=\"800\" height=\"624\" src=\"https:\/\/altioreconsulting.com\/wp-content\/uploads\/2021\/06\/business-developer-1024x799.jpeg\" class=\"attachment-large size-large wp-image-745\" alt=\"\" srcset=\"https:\/\/altioreconsulting.com\/wp-content\/uploads\/2021\/06\/business-developer-1024x799.jpeg 1024w, https:\/\/altioreconsulting.com\/wp-content\/uploads\/2021\/06\/business-developer-300x234.jpeg 300w, https:\/\/altioreconsulting.com\/wp-content\/uploads\/2021\/06\/business-developer-768x599.jpeg 768w, https:\/\/altioreconsulting.com\/wp-content\/uploads\/2021\/06\/business-developer-1536x1198.jpeg 1536w, https:\/\/altioreconsulting.com\/wp-content\/uploads\/2021\/06\/business-developer-2048x1597.jpeg 2048w\" sizes=\"(max-width: 800px) 100vw, 800px\" \/>\t\t\t\t\t\t\t\t\t\t\t\t\t<\/div>\n\t\t\t\t<\/div>\n\t\t\t\t\t<\/div>\n\t\t<\/div>\n\t\t\t\t\t<\/div>\n\t\t<\/section>\n\t\t\t\t<\/div>","protected":false},"excerpt":{"rendered":"<p>Business Developer Altiore Consulting supports its clients in the development of their business and partnerships.Thanks to our large network, we allow you to meet partners and potential clients in differentareas and sectors of investment including new technologies, real estate, banking, privateequity, hotels and restaurants, art &#8230;<\/p>","protected":false},"author":1,"featured_media":0,"parent":61,"menu_order":0,"comment_status":"closed","ping_status":"closed","template":"elementor_header_footer","meta":{"footnotes":""},"class_list":["post-505","page","type-page","status-publish","hentry"],"yoast_head":"<!-- This site is optimized with the Yoast SEO plugin v22.7 - https:\/\/yoast.com\/wordpress\/plugins\/seo\/ -->\n<title>BUSINESS DEVELOPER - Altiore Consulting<\/title>\n<meta name=\"robots\" content=\"index, follow, max-snippet:-1, max-image-preview:large, max-video-preview:-1\" \/>\n<link rel=\"canonical\" href=\"https:\/\/altioreconsulting.com\/fr\/services\/business-developer\/\" \/>\n<meta property=\"og:locale\" content=\"fr_FR\" \/>\n<meta property=\"og:type\" content=\"article\" \/>\n<meta property=\"og:title\" content=\"BUSINESS DEVELOPER - Altiore Consulting\" \/>\n<meta property=\"og:description\" content=\"Business Developer Altiore Consulting supports its clients in the development of their business and partnerships.Thanks to our large network, we allow you to meet partners and potential clients in differentareas and sectors of investment including new technologies, real estate, banking, privateequity, hotels and restaurants, art &#8230;\" \/>\n<meta property=\"og:url\" content=\"https:\/\/altioreconsulting.com\/fr\/services\/business-developer\/\" \/>\n<meta property=\"og:site_name\" content=\"Altiore Consulting\" \/>\n<meta property=\"article:modified_time\" content=\"2021-07-13T12:45:06+00:00\" \/>\n<meta property=\"og:image\" content=\"https:\/\/altioreconsulting.com\/wp-content\/uploads\/2021\/06\/business-developer-1024x799.jpeg\" \/>\n<meta name=\"twitter:card\" content=\"summary_large_image\" \/>\n<meta name=\"twitter:label1\" content=\"Dur\u00e9e de lecture estim\u00e9e\" \/>\n\t<meta name=\"twitter:data1\" content=\"1 minute\" \/>\n<script type=\"application\/ld+json\" class=\"yoast-schema-graph\">{\"@context\":\"https:\/\/schema.org\",\"@graph\":[{\"@type\":\"WebPage\",\"@id\":\"https:\/\/altioreconsulting.com\/services\/business-developer\/\",\"url\":\"https:\/\/altioreconsulting.com\/services\/business-developer\/\",\"name\":\"BUSINESS DEVELOPER - Altiore Consulting\",\"isPartOf\":{\"@id\":\"https:\/\/altioreconsulting.com\/fr\/#website\"},\"primaryImageOfPage\":{\"@id\":\"https:\/\/altioreconsulting.com\/services\/business-developer\/#primaryimage\"},\"image\":{\"@id\":\"https:\/\/altioreconsulting.com\/services\/business-developer\/#primaryimage\"},\"thumbnailUrl\":\"https:\/\/altioreconsulting.com\/wp-content\/uploads\/2021\/06\/business-developer-1024x799.jpeg\",\"datePublished\":\"2021-03-25T01:39:35+00:00\",\"dateModified\":\"2021-07-13T12:45:06+00:00\",\"breadcrumb\":{\"@id\":\"https:\/\/altioreconsulting.com\/services\/business-developer\/#breadcrumb\"},\"inLanguage\":\"fr-FR\",\"potentialAction\":[{\"@type\":\"ReadAction\",\"target\":[\"https:\/\/altioreconsulting.com\/services\/business-developer\/\"]}]},{\"@type\":\"ImageObject\",\"inLanguage\":\"fr-FR\",\"@id\":\"https:\/\/altioreconsulting.com\/services\/business-developer\/#primaryimage\",\"url\":\"https:\/\/altioreconsulting.com\/wp-content\/uploads\/2021\/06\/business-developer-1024x799.jpeg\",\"contentUrl\":\"https:\/\/altioreconsulting.com\/wp-content\/uploads\/2021\/06\/business-developer-1024x799.jpeg\"},{\"@type\":\"BreadcrumbList\",\"@id\":\"https:\/\/altioreconsulting.com\/services\/business-developer\/#breadcrumb\",\"itemListElement\":[{\"@type\":\"ListItem\",\"position\":1,\"name\":\"Accueil\",\"item\":\"https:\/\/altioreconsulting.com\/\"},{\"@type\":\"ListItem\",\"position\":2,\"name\":\"Services\",\"item\":\"https:\/\/altioreconsulting.com\/services\/\"},{\"@type\":\"ListItem\",\"position\":3,\"name\":\"BUSINESS DEVELOPER\"}]},{\"@type\":\"WebSite\",\"@id\":\"https:\/\/altioreconsulting.com\/fr\/#website\",\"url\":\"https:\/\/altioreconsulting.com\/fr\/\",\"name\":\"Altiore Consulting\",\"description\":\"Your strategic partner for wealthy individuals, entrepreneurs, business families and family  offices.\",\"publisher\":{\"@id\":\"https:\/\/altioreconsulting.com\/fr\/#organization\"},\"potentialAction\":[{\"@type\":\"SearchAction\",\"target\":{\"@type\":\"EntryPoint\",\"urlTemplate\":\"https:\/\/altioreconsulting.com\/fr\/?s={search_term_string}\"},\"query-input\":\"required name=search_term_string\"}],\"inLanguage\":\"fr-FR\"},{\"@type\":\"Organization\",\"@id\":\"https:\/\/altioreconsulting.com\/fr\/#organization\",\"name\":\"Altiore Consulting\",\"url\":\"https:\/\/altioreconsulting.com\/fr\/\",\"logo\":{\"@type\":\"ImageObject\",\"inLanguage\":\"fr-FR\",\"@id\":\"https:\/\/altioreconsulting.com\/fr\/#\/schema\/logo\/image\/\",\"url\":\"https:\/\/altioreconsulting.com\/wp-content\/uploads\/2021\/03\/cropped-300x300-white-logo-icon.png\",\"contentUrl\":\"https:\/\/altioreconsulting.com\/wp-content\/uploads\/2021\/03\/cropped-300x300-white-logo-icon.png\",\"width\":190,\"height\":190,\"caption\":\"Altiore Consulting\"},\"image\":{\"@id\":\"https:\/\/altioreconsulting.com\/fr\/#\/schema\/logo\/image\/\"}}]}<\/script>\n<!-- \/ Yoast SEO plugin. -->","yoast_head_json":{"title":"BUSINESS DEVELOPER - Altiore Consulting","robots":{"index":"index","follow":"follow","max-snippet":"max-snippet:-1","max-image-preview":"max-image-preview:large","max-video-preview":"max-video-preview:-1"},"canonical":"https:\/\/altioreconsulting.com\/fr\/services\/business-developer\/","og_locale":"fr_FR","og_type":"article","og_title":"BUSINESS DEVELOPER - Altiore Consulting","og_description":"Business Developer Altiore Consulting supports its clients in the development of their business and partnerships.Thanks to our large network, we allow you to meet partners and potential clients in differentareas and sectors of investment including new technologies, real estate, banking, privateequity, hotels and restaurants, art &#8230;","og_url":"https:\/\/altioreconsulting.com\/fr\/services\/business-developer\/","og_site_name":"Altiore Consulting","article_modified_time":"2021-07-13T12:45:06+00:00","og_image":[{"url":"https:\/\/altioreconsulting.com\/wp-content\/uploads\/2021\/06\/business-developer-1024x799.jpeg"}],"twitter_card":"summary_large_image","twitter_misc":{"Dur\u00e9e de lecture estim\u00e9e":"1 minute"},"schema":{"@context":"https:\/\/schema.org","@graph":[{"@type":"WebPage","@id":"https:\/\/altioreconsulting.com\/services\/business-developer\/","url":"https:\/\/altioreconsulting.com\/services\/business-developer\/","name":"BUSINESS DEVELOPER - Altiore Consulting","isPartOf":{"@id":"https:\/\/altioreconsulting.com\/fr\/#website"},"primaryImageOfPage":{"@id":"https:\/\/altioreconsulting.com\/services\/business-developer\/#primaryimage"},"image":{"@id":"https:\/\/altioreconsulting.com\/services\/business-developer\/#primaryimage"},"thumbnailUrl":"https:\/\/altioreconsulting.com\/wp-content\/uploads\/2021\/06\/business-developer-1024x799.jpeg","datePublished":"2021-03-25T01:39:35+00:00","dateModified":"2021-07-13T12:45:06+00:00","breadcrumb":{"@id":"https:\/\/altioreconsulting.com\/services\/business-developer\/#breadcrumb"},"inLanguage":"fr-FR","potentialAction":[{"@type":"ReadAction","target":["https:\/\/altioreconsulting.com\/services\/business-developer\/"]}]},{"@type":"ImageObject","inLanguage":"fr-FR","@id":"https:\/\/altioreconsulting.com\/services\/business-developer\/#primaryimage","url":"https:\/\/altioreconsulting.com\/wp-content\/uploads\/2021\/06\/business-developer-1024x799.jpeg","contentUrl":"https:\/\/altioreconsulting.com\/wp-content\/uploads\/2021\/06\/business-developer-1024x799.jpeg"},{"@type":"BreadcrumbList","@id":"https:\/\/altioreconsulting.com\/services\/business-developer\/#breadcrumb","itemListElement":[{"@type":"ListItem","position":1,"name":"Accueil","item":"https:\/\/altioreconsulting.com\/"},{"@type":"ListItem","position":2,"name":"Services","item":"https:\/\/altioreconsulting.com\/services\/"},{"@type":"ListItem","position":3,"name":"BUSINESS DEVELOPER"}]},{"@type":"WebSite","@id":"https:\/\/altioreconsulting.com\/fr\/#website","url":"https:\/\/altioreconsulting.com\/fr\/","name":"Altiore Consulting","description":"Your strategic partner for wealthy individuals, entrepreneurs, business families and family  offices.","publisher":{"@id":"https:\/\/altioreconsulting.com\/fr\/#organization"},"potentialAction":[{"@type":"SearchAction","target":{"@type":"EntryPoint","urlTemplate":"https:\/\/altioreconsulting.com\/fr\/?s={search_term_string}"},"query-input":"required name=search_term_string"}],"inLanguage":"fr-FR"},{"@type":"Organization","@id":"https:\/\/altioreconsulting.com\/fr\/#organization","name":"Altiore Consulting","url":"https:\/\/altioreconsulting.com\/fr\/","logo":{"@type":"ImageObject","inLanguage":"fr-FR","@id":"https:\/\/altioreconsulting.com\/fr\/#\/schema\/logo\/image\/","url":"https:\/\/altioreconsulting.com\/wp-content\/uploads\/2021\/03\/cropped-300x300-white-logo-icon.png","contentUrl":"https:\/\/altioreconsulting.com\/wp-content\/uploads\/2021\/03\/cropped-300x300-white-logo-icon.png","width":190,"height":190,"caption":"Altiore Consulting"},"image":{"@id":"https:\/\/altioreconsulting.com\/fr\/#\/schema\/logo\/image\/"}}]}},"_links":{"self":[{"href":"https:\/\/altioreconsulting.com\/fr\/wp-json\/wp\/v2\/pages\/505","targetHints":{"allow":["GET"]}}],"collection":[{"href":"https:\/\/altioreconsulting.com\/fr\/wp-json\/wp\/v2\/pages"}],"about":[{"href":"https:\/\/altioreconsulting.com\/fr\/wp-json\/wp\/v2\/types\/page"}],"author":[{"embeddable":true,"href":"https:\/\/altioreconsulting.com\/fr\/wp-json\/wp\/v2\/users\/1"}],"replies":[{"embeddable":true,"href":"https:\/\/altioreconsulting.com\/fr\/wp-json\/wp\/v2\/comments?post=505"}],"version-history":[{"count":13,"href":"https:\/\/altioreconsulting.com\/fr\/wp-json\/wp\/v2\/pages\/505\/revisions"}],"predecessor-version":[{"id":793,"href":"https:\/\/altioreconsulting.com\/fr\/wp-json\/wp\/v2\/pages\/505\/revisions\/793"}],"up":[{"embeddable":true,"href":"https:\/\/altioreconsulting.com\/fr\/wp-json\/wp\/v2\/pages\/61"}],"wp:attachment":[{"href":"https:\/\/altioreconsulting.com\/fr\/wp-json\/wp\/v2\/media?parent=505"}],"curies":[{"name":"wp","href":"https:\/\/api.w.org\/{rel}","templated":true}]}}