{"id":61,"date":"2021-03-17T19:42:50","date_gmt":"2021-03-17T18:42:50","guid":{"rendered":"https:\/\/altioreconsulting.com\/?page_id=61"},"modified":"2021-07-20T01:08:23","modified_gmt":"2021-07-19T23:08:23","slug":"services","status":"publish","type":"page","link":"https:\/\/altioreconsulting.com\/fr\/services\/","title":{"rendered":"Services"},"content":{"rendered":"<div data-elementor-type=\"wp-page\" data-elementor-id=\"61\" class=\"elementor elementor-61\">\n\t\t\t\t\t\t<section class=\"elementor-section elementor-top-section elementor-element elementor-element-fc94709 elementor-section-boxed elementor-section-height-default elementor-section-height-default\" data-id=\"fc94709\" data-element_type=\"section\">\n\t\t\t\t\t\t<div class=\"elementor-container elementor-column-gap-default\">\n\t\t\t\t\t<div class=\"elementor-column elementor-col-50 elementor-top-column elementor-element elementor-element-ba3184c\" data-id=\"ba3184c\" data-element_type=\"column\">\n\t\t\t<div class=\"elementor-widget-wrap elementor-element-populated\">\n\t\t\t\t\t\t<div class=\"elementor-element elementor-element-4902961 elementor-widget elementor-widget-heading\" data-id=\"4902961\" data-element_type=\"widget\" data-widget_type=\"heading.default\">\n\t\t\t\t<div class=\"elementor-widget-container\">\n\t\t\t<h2 class=\"elementor-heading-title elementor-size-default\">Nos services<\/h2>\t\t<\/div>\n\t\t\t\t<\/div>\n\t\t\t\t\t<\/div>\n\t\t<\/div>\n\t\t\t\t<div class=\"elementor-column elementor-col-50 elementor-top-column elementor-element elementor-element-de95745\" data-id=\"de95745\" data-element_type=\"column\">\n\t\t\t<div class=\"elementor-widget-wrap elementor-element-populated\">\n\t\t\t\t\t\t<div class=\"elementor-element elementor-element-1f2d771 elementor-widget elementor-widget-text-editor\" data-id=\"1f2d771\" data-element_type=\"widget\" data-widget_type=\"text-editor.default\">\n\t\t\t\t<div class=\"elementor-widget-container\">\n\t\t\t\t\t\t\t<p class=\"p1\">Que vos objectifs soient personnels et familiaux ou que vous soyez charg\u00e9 des objectifs financiers au sein d\u2019une organisation, nous sommes l\u00e0 pour vous offrir une gamme compl\u00e8te de services essentiels \u00e0 votre r\u00e9ussite.<\/p><p class=\"p1\">Nous travaillerons avec vous et vos autres conseillers professionnels pour s\u00e9lectionner le service qui convient le mieux \u00e0 vos besoins, puis appliquerons notre perspicacit\u00e9 et notre expertise pour adapter le service requis \u00e0 votre situation unique, en tenant compte de vos objectifs sp\u00e9cifiques.<\/p>\t\t\t\t\t\t<\/div>\n\t\t\t\t<\/div>\n\t\t\t\t\t<\/div>\n\t\t<\/div>\n\t\t\t\t\t<\/div>\n\t\t<\/section>\n\t\t\t\t<section class=\"elementor-section elementor-top-section elementor-element elementor-element-f274673 elementor-section-boxed elementor-section-height-default elementor-section-height-default\" data-id=\"f274673\" data-element_type=\"section\">\n\t\t\t\t\t\t<div class=\"elementor-container elementor-column-gap-default\">\n\t\t\t\t\t<div class=\"elementor-column elementor-col-100 elementor-top-column elementor-element elementor-element-87800b0\" data-id=\"87800b0\" data-element_type=\"column\">\n\t\t\t<div class=\"elementor-widget-wrap elementor-element-populated\">\n\t\t\t\t\t\t<div class=\"elementor-element elementor-element-7fb7667 elementor-cta--layout-image-right elementor-cta--skin-classic elementor-animated-content elementor-bg-transform elementor-bg-transform-zoom-in elementor-widget elementor-widget-call-to-action\" data-id=\"7fb7667\" data-element_type=\"widget\" data-widget_type=\"call-to-action.default\">\n\t\t\t\t<div class=\"elementor-widget-container\">\n\t\t\t\t\t<a class=\"elementor-cta\" href=\"https:\/\/altioreconsulting.com\/fr\/services\/family-office-services\/\">\n\t\t\t\t\t<div class=\"elementor-cta__bg-wrapper\">\n\t\t\t\t<div class=\"elementor-cta__bg elementor-bg\" style=\"background-image: url(https:\/\/altioreconsulting.com\/wp-content\/uploads\/2021\/06\/family-office-service-1-1024x576.jpeg);\"><\/div>\n\t\t\t\t<div class=\"elementor-cta__bg-overlay\"><\/div>\n\t\t\t<\/div>\n\t\t\t\t\t\t\t<div class=\"elementor-cta__content\">\n\t\t\t\t\n\t\t\t\t<h2 class=\"elementor-cta__title elementor-cta__content-item elementor-content-item\">Services aux Family Offices<\/h2>\n\t\t\t\t\n\t\t\t\t\t\t\t\t\t<div class=\"elementor-cta__button-wrapper elementor-cta__content-item elementor-content-item\">\n\t\t\t\t\t<span class=\"elementor-cta__button elementor-button elementor-size-sm\">\n\t\t\t\t\t\tEn savoir plus\t\t\t\t\t<\/span>\n\t\t\t\t\t<\/div>\n\t\t\t\t\t\t\t<\/div>\n\t\t\t\t\t\t<\/a>\n\t\t\t\t<\/div>\n\t\t\t\t<\/div>\n\t\t\t\t\t<\/div>\n\t\t<\/div>\n\t\t\t\t\t<\/div>\n\t\t<\/section>\n\t\t\t\t<section class=\"elementor-section elementor-top-section elementor-element elementor-element-8770650 elementor-section-boxed elementor-section-height-default elementor-section-height-default\" data-id=\"8770650\" data-element_type=\"section\">\n\t\t\t\t\t\t<div class=\"elementor-container elementor-column-gap-default\">\n\t\t\t\t\t<div class=\"elementor-column elementor-col-100 elementor-top-column elementor-element elementor-element-cff317e\" data-id=\"cff317e\" data-element_type=\"column\">\n\t\t\t<div class=\"elementor-widget-wrap elementor-element-populated\">\n\t\t\t\t\t\t<div class=\"elementor-element elementor-element-fcf2e9c elementor-cta--layout-image-right elementor-cta--skin-classic elementor-animated-content elementor-bg-transform elementor-bg-transform-zoom-in elementor-widget elementor-widget-call-to-action\" data-id=\"fcf2e9c\" data-element_type=\"widget\" data-widget_type=\"call-to-action.default\">\n\t\t\t\t<div class=\"elementor-widget-container\">\n\t\t\t\t\t<a class=\"elementor-cta\" href=\"https:\/\/altioreconsulting.com\/fr\/services\/trust-and-estate\/\">\n\t\t\t\t\t<div class=\"elementor-cta__bg-wrapper\">\n\t\t\t\t<div class=\"elementor-cta__bg elementor-bg\" style=\"background-image: url(https:\/\/altioreconsulting.com\/wp-content\/uploads\/2021\/06\/inheritance-1024x576.jpeg);\"><\/div>\n\t\t\t\t<div class=\"elementor-cta__bg-overlay\"><\/div>\n\t\t\t<\/div>\n\t\t\t\t\t\t\t<div class=\"elementor-cta__content\">\n\t\t\t\t\n\t\t\t\t<h2 class=\"elementor-cta__title elementor-cta__content-item elementor-content-item\">Planification successorale et Trust<\/h2>\n\t\t\t\t\n\t\t\t\t\t\t\t\t\t<div class=\"elementor-cta__button-wrapper elementor-cta__content-item elementor-content-item\">\n\t\t\t\t\t<span class=\"elementor-cta__button elementor-button elementor-size-sm\">\n\t\t\t\t\t\tEn savoir plus\t\t\t\t\t<\/span>\n\t\t\t\t\t<\/div>\n\t\t\t\t\t\t\t<\/div>\n\t\t\t\t\t\t<\/a>\n\t\t\t\t<\/div>\n\t\t\t\t<\/div>\n\t\t\t\t\t<\/div>\n\t\t<\/div>\n\t\t\t\t\t<\/div>\n\t\t<\/section>\n\t\t\t\t<section class=\"elementor-section elementor-top-section elementor-element elementor-element-53fb9ae elementor-section-boxed elementor-section-height-default elementor-section-height-default\" data-id=\"53fb9ae\" data-element_type=\"section\">\n\t\t\t\t\t\t<div class=\"elementor-container elementor-column-gap-default\">\n\t\t\t\t\t<div class=\"elementor-column elementor-col-100 elementor-top-column elementor-element elementor-element-6b74c1a\" data-id=\"6b74c1a\" data-element_type=\"column\">\n\t\t\t<div class=\"elementor-widget-wrap elementor-element-populated\">\n\t\t\t\t\t\t<div class=\"elementor-element elementor-element-1c35a38 elementor-cta--layout-image-right elementor-cta--skin-classic elementor-animated-content elementor-bg-transform elementor-bg-transform-zoom-in elementor-widget elementor-widget-call-to-action\" data-id=\"1c35a38\" data-element_type=\"widget\" data-widget_type=\"call-to-action.default\">\n\t\t\t\t<div class=\"elementor-widget-container\">\n\t\t\t\t\t<a class=\"elementor-cta\" href=\"https:\/\/altioreconsulting.com\/fr\/services\/investments-advisory\/\">\n\t\t\t\t\t<div class=\"elementor-cta__bg-wrapper\">\n\t\t\t\t<div class=\"elementor-cta__bg elementor-bg\" style=\"background-image: url(https:\/\/altioreconsulting.com\/wp-content\/uploads\/2021\/06\/Investment-advisory-Altiore.jpeg);\"><\/div>\n\t\t\t\t<div class=\"elementor-cta__bg-overlay\"><\/div>\n\t\t\t<\/div>\n\t\t\t\t\t\t\t<div class=\"elementor-cta__content\">\n\t\t\t\t\n\t\t\t\t<h2 class=\"elementor-cta__title elementor-cta__content-item elementor-content-item\">Conseil en Investissements<\/h2>\n\t\t\t\t\n\t\t\t\t\t\t\t\t\t<div class=\"elementor-cta__button-wrapper elementor-cta__content-item elementor-content-item\">\n\t\t\t\t\t<span class=\"elementor-cta__button elementor-button elementor-size-sm\">\n\t\t\t\t\t\tEn savoir plus\t\t\t\t\t<\/span>\n\t\t\t\t\t<\/div>\n\t\t\t\t\t\t\t<\/div>\n\t\t\t\t\t\t<\/a>\n\t\t\t\t<\/div>\n\t\t\t\t<\/div>\n\t\t\t\t\t<\/div>\n\t\t<\/div>\n\t\t\t\t\t<\/div>\n\t\t<\/section>\n\t\t\t\t<section class=\"elementor-section elementor-top-section elementor-element elementor-element-b95b157 elementor-section-boxed elementor-section-height-default elementor-section-height-default\" data-id=\"b95b157\" data-element_type=\"section\">\n\t\t\t\t\t\t<div class=\"elementor-container elementor-column-gap-default\">\n\t\t\t\t\t<div class=\"elementor-column elementor-col-100 elementor-top-column elementor-element elementor-element-aa48434\" data-id=\"aa48434\" data-element_type=\"column\">\n\t\t\t<div class=\"elementor-widget-wrap elementor-element-populated\">\n\t\t\t\t\t\t<div class=\"elementor-element elementor-element-60d7cb4 elementor-cta--layout-image-right elementor-cta--skin-classic elementor-animated-content elementor-bg-transform elementor-bg-transform-zoom-in elementor-widget elementor-widget-call-to-action\" data-id=\"60d7cb4\" data-element_type=\"widget\" data-widget_type=\"call-to-action.default\">\n\t\t\t\t<div class=\"elementor-widget-container\">\n\t\t\t\t\t<a class=\"elementor-cta\" href=\"https:\/\/altioreconsulting.com\/fr\/services\/business-developer\/\">\n\t\t\t\t\t<div class=\"elementor-cta__bg-wrapper\">\n\t\t\t\t<div class=\"elementor-cta__bg elementor-bg\" style=\"background-image: url(https:\/\/altioreconsulting.com\/wp-content\/uploads\/2021\/06\/business-developer-1024x799.jpeg);\"><\/div>\n\t\t\t\t<div class=\"elementor-cta__bg-overlay\"><\/div>\n\t\t\t<\/div>\n\t\t\t\t\t\t\t<div class=\"elementor-cta__content\">\n\t\t\t\t\n\t\t\t\t<h2 class=\"elementor-cta__title elementor-cta__content-item elementor-content-item\">D\u00e9veloppeur d'affaires<\/h2>\n\t\t\t\t\n\t\t\t\t\t\t\t\t\t<div class=\"elementor-cta__button-wrapper elementor-cta__content-item elementor-content-item\">\n\t\t\t\t\t<span class=\"elementor-cta__button elementor-button elementor-size-sm\">\n\t\t\t\t\t\tEn savoir plus\t\t\t\t\t<\/span>\n\t\t\t\t\t<\/div>\n\t\t\t\t\t\t\t<\/div>\n\t\t\t\t\t\t<\/a>\n\t\t\t\t<\/div>\n\t\t\t\t<\/div>\n\t\t\t\t\t<\/div>\n\t\t<\/div>\n\t\t\t\t\t<\/div>\n\t\t<\/section>\n\t\t\t\t<section class=\"elementor-section elementor-top-section elementor-element elementor-element-948a4b1 elementor-section-boxed elementor-section-height-default elementor-section-height-default\" data-id=\"948a4b1\" data-element_type=\"section\">\n\t\t\t\t\t\t<div class=\"elementor-container elementor-column-gap-default\">\n\t\t\t\t\t<div class=\"elementor-column elementor-col-100 elementor-top-column elementor-element elementor-element-6d3df63\" data-id=\"6d3df63\" data-element_type=\"column\">\n\t\t\t<div class=\"elementor-widget-wrap elementor-element-populated\">\n\t\t\t\t\t\t<div class=\"elementor-element elementor-element-7928392 elementor-cta--layout-image-right elementor-cta--skin-classic elementor-animated-content elementor-bg-transform elementor-bg-transform-zoom-in elementor-widget elementor-widget-call-to-action\" data-id=\"7928392\" data-element_type=\"widget\" data-widget_type=\"call-to-action.default\">\n\t\t\t\t<div class=\"elementor-widget-container\">\n\t\t\t\t\t<a class=\"elementor-cta\" href=\"https:\/\/altioreconsulting.com\/fr\/services\/partnership\/\">\n\t\t\t\t\t<div class=\"elementor-cta__bg-wrapper\">\n\t\t\t\t<div class=\"elementor-cta__bg elementor-bg\" style=\"background-image: url(https:\/\/altioreconsulting.com\/wp-content\/uploads\/2021\/06\/partnership-altiore2.jpeg);\"><\/div>\n\t\t\t\t<div class=\"elementor-cta__bg-overlay\"><\/div>\n\t\t\t<\/div>\n\t\t\t\t\t\t\t<div class=\"elementor-cta__content\">\n\t\t\t\t\n\t\t\t\t<h2 class=\"elementor-cta__title elementor-cta__content-item elementor-content-item\">Partenariat<\/h2>\n\t\t\t\t\n\t\t\t\t\t\t\t\t\t<div class=\"elementor-cta__button-wrapper elementor-cta__content-item elementor-content-item\">\n\t\t\t\t\t<span class=\"elementor-cta__button elementor-button elementor-size-sm\">\n\t\t\t\t\t\tEn savoir plus\t\t\t\t\t<\/span>\n\t\t\t\t\t<\/div>\n\t\t\t\t\t\t\t<\/div>\n\t\t\t\t\t\t<\/a>\n\t\t\t\t<\/div>\n\t\t\t\t<\/div>\n\t\t\t\t\t<\/div>\n\t\t<\/div>\n\t\t\t\t\t<\/div>\n\t\t<\/section>\n\t\t\t\t<section class=\"elementor-section elementor-top-section elementor-element elementor-element-f43d3fe elementor-section-boxed elementor-section-height-default elementor-section-height-default\" data-id=\"f43d3fe\" data-element_type=\"section\">\n\t\t\t\t\t\t<div class=\"elementor-container elementor-column-gap-default\">\n\t\t\t\t\t<div class=\"elementor-column elementor-col-100 elementor-top-column elementor-element elementor-element-189ffb9\" data-id=\"189ffb9\" data-element_type=\"column\">\n\t\t\t<div class=\"elementor-widget-wrap elementor-element-populated\">\n\t\t\t\t\t\t<div class=\"elementor-element elementor-element-bb128d9 elementor-cta--layout-image-right elementor-cta--skin-classic elementor-animated-content elementor-bg-transform elementor-bg-transform-zoom-in elementor-widget elementor-widget-call-to-action\" data-id=\"bb128d9\" data-element_type=\"widget\" data-widget_type=\"call-to-action.default\">\n\t\t\t\t<div class=\"elementor-widget-container\">\n\t\t\t\t\t<a class=\"elementor-cta\" href=\"https:\/\/altioreconsulting.com\/fr\/services\/concierge-services\/\">\n\t\t\t\t\t<div class=\"elementor-cta__bg-wrapper\">\n\t\t\t\t<div class=\"elementor-cta__bg elementor-bg\" style=\"background-image: url(https:\/\/altioreconsulting.com\/wp-content\/uploads\/2021\/06\/Altiore-concierge-3.jpeg);\"><\/div>\n\t\t\t\t<div class=\"elementor-cta__bg-overlay\"><\/div>\n\t\t\t<\/div>\n\t\t\t\t\t\t\t<div class=\"elementor-cta__content\">\n\t\t\t\t\n\t\t\t\t<h2 class=\"elementor-cta__title elementor-cta__content-item elementor-content-item\">Services de conciergerie<\/h2>\n\t\t\t\t\n\t\t\t\t\t\t\t\t\t<div class=\"elementor-cta__button-wrapper elementor-cta__content-item elementor-content-item\">\n\t\t\t\t\t<span class=\"elementor-cta__button elementor-button elementor-size-sm\">\n\t\t\t\t\t\tEn savoir plus\t\t\t\t\t<\/span>\n\t\t\t\t\t<\/div>\n\t\t\t\t\t\t\t<\/div>\n\t\t\t\t\t\t<\/a>\n\t\t\t\t<\/div>\n\t\t\t\t<\/div>\n\t\t\t\t\t<\/div>\n\t\t<\/div>\n\t\t\t\t\t<\/div>\n\t\t<\/section>\n\t\t\t\t<\/div>","protected":false},"excerpt":{"rendered":"<p>Our Services Whether you are an individual with personal and family goals or the person charged with the financial goals of your organization, we are here to provide you with a complete range of services essential to your success. We will work with you and your other professional advisors to select the service that best [&hellip;]<\/p>","protected":false},"author":1,"featured_media":0,"parent":0,"menu_order":0,"comment_status":"closed","ping_status":"closed","template":"elementor_header_footer","meta":{"footnotes":""},"class_list":["post-61","page","type-page","status-publish","hentry"],"yoast_head":"<!-- This site is optimized with the Yoast SEO plugin v22.7 - https:\/\/yoast.com\/wordpress\/plugins\/seo\/ -->\n<title>Services - Altiore Consulting<\/title>\n<meta name=\"robots\" content=\"index, follow, max-snippet:-1, max-image-preview:large, max-video-preview:-1\" \/>\n<link rel=\"canonical\" href=\"https:\/\/altioreconsulting.com\/fr\/services\/\" \/>\n<meta property=\"og:locale\" content=\"fr_FR\" \/>\n<meta property=\"og:type\" content=\"article\" \/>\n<meta property=\"og:title\" content=\"Services - Altiore Consulting\" \/>\n<meta property=\"og:description\" content=\"Our Services Whether you are an individual with personal and family goals or the person charged with the financial goals of your organization, we are here to provide you with a complete range of services essential to your success. We will work with you and your other professional advisors to select the service that best [&hellip;]\" \/>\n<meta property=\"og:url\" content=\"https:\/\/altioreconsulting.com\/fr\/services\/\" \/>\n<meta property=\"og:site_name\" content=\"Altiore Consulting\" \/>\n<meta property=\"article:modified_time\" content=\"2021-07-19T23:08:23+00:00\" \/>\n<meta name=\"twitter:card\" content=\"summary_large_image\" \/>\n<meta name=\"twitter:label1\" content=\"Dur\u00e9e de lecture estim\u00e9e\" \/>\n\t<meta name=\"twitter:data1\" content=\"1 minute\" \/>\n<script type=\"application\/ld+json\" class=\"yoast-schema-graph\">{\"@context\":\"https:\/\/schema.org\",\"@graph\":[{\"@type\":\"WebPage\",\"@id\":\"https:\/\/altioreconsulting.com\/services\/\",\"url\":\"https:\/\/altioreconsulting.com\/services\/\",\"name\":\"Services - Altiore Consulting\",\"isPartOf\":{\"@id\":\"https:\/\/altioreconsulting.com\/fr\/#website\"},\"datePublished\":\"2021-03-17T18:42:50+00:00\",\"dateModified\":\"2021-07-19T23:08:23+00:00\",\"breadcrumb\":{\"@id\":\"https:\/\/altioreconsulting.com\/services\/#breadcrumb\"},\"inLanguage\":\"fr-FR\",\"potentialAction\":[{\"@type\":\"ReadAction\",\"target\":[\"https:\/\/altioreconsulting.com\/services\/\"]}]},{\"@type\":\"BreadcrumbList\",\"@id\":\"https:\/\/altioreconsulting.com\/services\/#breadcrumb\",\"itemListElement\":[{\"@type\":\"ListItem\",\"position\":1,\"name\":\"Accueil\",\"item\":\"https:\/\/altioreconsulting.com\/\"},{\"@type\":\"ListItem\",\"position\":2,\"name\":\"Services\"}]},{\"@type\":\"WebSite\",\"@id\":\"https:\/\/altioreconsulting.com\/fr\/#website\",\"url\":\"https:\/\/altioreconsulting.com\/fr\/\",\"name\":\"Altiore Consulting\",\"description\":\"Your strategic partner for wealthy individuals, entrepreneurs, business families and family  offices.\",\"publisher\":{\"@id\":\"https:\/\/altioreconsulting.com\/fr\/#organization\"},\"potentialAction\":[{\"@type\":\"SearchAction\",\"target\":{\"@type\":\"EntryPoint\",\"urlTemplate\":\"https:\/\/altioreconsulting.com\/fr\/?s={search_term_string}\"},\"query-input\":\"required name=search_term_string\"}],\"inLanguage\":\"fr-FR\"},{\"@type\":\"Organization\",\"@id\":\"https:\/\/altioreconsulting.com\/fr\/#organization\",\"name\":\"Altiore Consulting\",\"url\":\"https:\/\/altioreconsulting.com\/fr\/\",\"logo\":{\"@type\":\"ImageObject\",\"inLanguage\":\"fr-FR\",\"@id\":\"https:\/\/altioreconsulting.com\/fr\/#\/schema\/logo\/image\/\",\"url\":\"https:\/\/altioreconsulting.com\/wp-content\/uploads\/2021\/03\/cropped-300x300-white-logo-icon.png\",\"contentUrl\":\"https:\/\/altioreconsulting.com\/wp-content\/uploads\/2021\/03\/cropped-300x300-white-logo-icon.png\",\"width\":190,\"height\":190,\"caption\":\"Altiore Consulting\"},\"image\":{\"@id\":\"https:\/\/altioreconsulting.com\/fr\/#\/schema\/logo\/image\/\"}}]}<\/script>\n<!-- \/ Yoast SEO plugin. -->","yoast_head_json":{"title":"Services - Altiore Consulting","robots":{"index":"index","follow":"follow","max-snippet":"max-snippet:-1","max-image-preview":"max-image-preview:large","max-video-preview":"max-video-preview:-1"},"canonical":"https:\/\/altioreconsulting.com\/fr\/services\/","og_locale":"fr_FR","og_type":"article","og_title":"Services - Altiore Consulting","og_description":"Our Services Whether you are an individual with personal and family goals or the person charged with the financial goals of your organization, we are here to provide you with a complete range of services essential to your success. We will work with you and your other professional advisors to select the service that best [&hellip;]","og_url":"https:\/\/altioreconsulting.com\/fr\/services\/","og_site_name":"Altiore Consulting","article_modified_time":"2021-07-19T23:08:23+00:00","twitter_card":"summary_large_image","twitter_misc":{"Dur\u00e9e de lecture estim\u00e9e":"1 minute"},"schema":{"@context":"https:\/\/schema.org","@graph":[{"@type":"WebPage","@id":"https:\/\/altioreconsulting.com\/services\/","url":"https:\/\/altioreconsulting.com\/services\/","name":"Services - Altiore Consulting","isPartOf":{"@id":"https:\/\/altioreconsulting.com\/fr\/#website"},"datePublished":"2021-03-17T18:42:50+00:00","dateModified":"2021-07-19T23:08:23+00:00","breadcrumb":{"@id":"https:\/\/altioreconsulting.com\/services\/#breadcrumb"},"inLanguage":"fr-FR","potentialAction":[{"@type":"ReadAction","target":["https:\/\/altioreconsulting.com\/services\/"]}]},{"@type":"BreadcrumbList","@id":"https:\/\/altioreconsulting.com\/services\/#breadcrumb","itemListElement":[{"@type":"ListItem","position":1,"name":"Accueil","item":"https:\/\/altioreconsulting.com\/"},{"@type":"ListItem","position":2,"name":"Services"}]},{"@type":"WebSite","@id":"https:\/\/altioreconsulting.com\/fr\/#website","url":"https:\/\/altioreconsulting.com\/fr\/","name":"Altiore Consulting","description":"Your strategic partner for wealthy individuals, entrepreneurs, business families and family  offices.","publisher":{"@id":"https:\/\/altioreconsulting.com\/fr\/#organization"},"potentialAction":[{"@type":"SearchAction","target":{"@type":"EntryPoint","urlTemplate":"https:\/\/altioreconsulting.com\/fr\/?s={search_term_string}"},"query-input":"required name=search_term_string"}],"inLanguage":"fr-FR"},{"@type":"Organization","@id":"https:\/\/altioreconsulting.com\/fr\/#organization","name":"Altiore Consulting","url":"https:\/\/altioreconsulting.com\/fr\/","logo":{"@type":"ImageObject","inLanguage":"fr-FR","@id":"https:\/\/altioreconsulting.com\/fr\/#\/schema\/logo\/image\/","url":"https:\/\/altioreconsulting.com\/wp-content\/uploads\/2021\/03\/cropped-300x300-white-logo-icon.png","contentUrl":"https:\/\/altioreconsulting.com\/wp-content\/uploads\/2021\/03\/cropped-300x300-white-logo-icon.png","width":190,"height":190,"caption":"Altiore Consulting"},"image":{"@id":"https:\/\/altioreconsulting.com\/fr\/#\/schema\/logo\/image\/"}}]}},"_links":{"self":[{"href":"https:\/\/altioreconsulting.com\/fr\/wp-json\/wp\/v2\/pages\/61","targetHints":{"allow":["GET"]}}],"collection":[{"href":"https:\/\/altioreconsulting.com\/fr\/wp-json\/wp\/v2\/pages"}],"about":[{"href":"https:\/\/altioreconsulting.com\/fr\/wp-json\/wp\/v2\/types\/page"}],"author":[{"embeddable":true,"href":"https:\/\/altioreconsulting.com\/fr\/wp-json\/wp\/v2\/users\/1"}],"replies":[{"embeddable":true,"href":"https:\/\/altioreconsulting.com\/fr\/wp-json\/wp\/v2\/comments?post=61"}],"version-history":[{"count":151,"href":"https:\/\/altioreconsulting.com\/fr\/wp-json\/wp\/v2\/pages\/61\/revisions"}],"predecessor-version":[{"id":844,"href":"https:\/\/altioreconsulting.com\/fr\/wp-json\/wp\/v2\/pages\/61\/revisions\/844"}],"wp:attachment":[{"href":"https:\/\/altioreconsulting.com\/fr\/wp-json\/wp\/v2\/media?parent=61"}],"curies":[{"name":"wp","href":"https:\/\/api.w.org\/{rel}","templated":true}]}}